{"id":1542,"date":"2020-07-12T13:15:08","date_gmt":"2020-07-12T10:15:08","guid":{"rendered":"http:\/\/www.indesignmimarlik.com\/?post_type=product&#038;p=1542"},"modified":"2020-08-24T01:30:52","modified_gmt":"2020-08-23T22:30:52","slug":"triadent-dis-tdb-kongre-standi-2","status":"publish","type":"product","link":"https:\/\/www.indesignmimarlik.com\/en\/urun\/triadent-dis-tdb-kongre-standi-2\/","title":{"rendered":"(Turkish) TR\u0130ADENT KONGRE STANDI TDB&#8217;11 HAL\u0130\u00c7 KONGRE"},"content":{"rendered":"","protected":false},"excerpt":{"rendered":"","protected":false},"featured_media":1546,"template":"","meta":[],"product_brand":[],"product_cat":[36],"product_tag":[],"class_list":{"0":"post-1542","1":"product","2":"type-product","3":"status-publish","4":"has-post-thumbnail","6":"product_cat-congress-stands","8":"first","9":"instock","10":"shipping-taxable","11":"product-type-simple"},"_links":{"self":[{"href":"https:\/\/www.indesignmimarlik.com\/en\/wp-json\/wp\/v2\/product\/1542","targetHints":{"allow":["GET"]}}],"collection":[{"href":"https:\/\/www.indesignmimarlik.com\/en\/wp-json\/wp\/v2\/product"}],"about":[{"href":"https:\/\/www.indesignmimarlik.com\/en\/wp-json\/wp\/v2\/types\/product"}],"wp:featuredmedia":[{"embeddable":true,"href":"https:\/\/www.indesignmimarlik.com\/en\/wp-json\/wp\/v2\/media\/1546"}],"wp:attachment":[{"href":"https:\/\/www.indesignmimarlik.com\/en\/wp-json\/wp\/v2\/media?parent=1542"}],"wp:term":[{"taxonomy":"product_brand","embeddable":true,"href":"https:\/\/www.indesignmimarlik.com\/en\/wp-json\/wp\/v2\/product_brand?post=1542"},{"taxonomy":"product_cat","embeddable":true,"href":"https:\/\/www.indesignmimarlik.com\/en\/wp-json\/wp\/v2\/product_cat?post=1542"},{"taxonomy":"product_tag","embeddable":true,"href":"https:\/\/www.indesignmimarlik.com\/en\/wp-json\/wp\/v2\/product_tag?post=1542"}],"curies":[{"name":"wp","href":"https:\/\/api.w.org\/{rel}","templated":true}]}}