{"id":1633,"date":"2020-07-12T18:40:45","date_gmt":"2020-07-12T15:40:45","guid":{"rendered":"http:\/\/www.indesignmimarlik.com\/?post_type=product&#038;p=1633"},"modified":"2020-07-12T18:40:45","modified_gmt":"2020-07-12T15:40:45","slug":"sdr-edip-guler-fidancilik-flower-show17-ifm-maksima-fuar-standi","status":"publish","type":"product","link":"https:\/\/www.indesignmimarlik.com\/en\/urun\/sdr-edip-guler-fidancilik-flower-show17-ifm-maksima-fuar-standi\/","title":{"rendered":"(Turkish) SDR ED\u0130P G\u00dcLER F\u0130DANCILIK Flower show&#8217;17 ifm maksima fuar stand\u0131"},"content":{"rendered":"","protected":false},"excerpt":{"rendered":"<p class=\"qtranxs-available-languages-message qtranxs-available-languages-message-en\">Sorry, this entry is only available in <a href=\"https:\/\/www.indesignmimarlik.com\/tr\/wp-json\/wp\/v2\/product\/1633\" class=\"qtranxs-available-language-link qtranxs-available-language-link-tr\" title=\"Turkish\">Turkish<\/a>.<\/p>\n","protected":false},"featured_media":1634,"template":"","meta":[],"product_brand":[],"product_cat":[39],"product_tag":[],"class_list":{"0":"post-1633","1":"product","2":"type-product","3":"status-publish","4":"has-post-thumbnail","6":"product_cat-maxima-fair-stands","8":"first","9":"instock","10":"shipping-taxable","11":"product-type-simple"},"yoast_head":"<!-- This site is optimized with the Yoast SEO plugin v27.3 - https:\/\/yoast.com\/product\/yoast-seo-wordpress\/ -->\n<title>- InDesign Architecture<\/title>\n<meta name=\"robots\" content=\"index, follow, max-snippet:-1, max-image-preview:large, max-video-preview:-1\" \/>\n<link rel=\"canonical\" href=\"https:\/\/www.indesignmimarlik.com\/urun\/sdr-edip-guler-fidancilik-flower-show17-ifm-maksima-fuar-standi\/\" \/>\n<meta property=\"og:locale\" content=\"en_US\" \/>\n<meta property=\"og:type\" content=\"article\" \/>\n<meta property=\"og:title\" content=\"[:tr]SDR ED\u0130P G\u00dcLER F\u0130DANCILIK Flower show&#039;17 ifm maksima fuar stand\u0131[:] - [:tr]InDesign Mimarl\u0131k[:en]InDesign Architecture[:]\" \/>\n<meta property=\"og:description\" content=\"[:tr]sdr-edip-g\u00fcler-fidanc\u0131l\u0131k-flower-show-ifm-maksima-fuar-standi.  \u0130fm fuar merkezinde d\u00fczenlenen Flower show fuar\u0131nda stand tasar\u0131m ve uygulamas\u0131n\u0131 yapt\u0131\u011f\u0131m\u0131z sdr edip g\u00fcler fidanc\u0131l\u0131k maksima fuar standi.  al\u00fcminyum konstr\u00fcksiyon \u00fczeri suntalam panel giydirme. \u00a0suntalam podyum y\u00fckselti zemin uygulamas\u0131.\u00a0 \u015f\u0131k ayd\u0131nlatma armat\u00fcrleri. dijital bask\u0131 reklam uygulamalar\u0131. oturma gruplar\u0131. t\u00fcl uygulamas\u0131. kar\u015f\u0131lama deski.  istanbul fuar stand firmalar\u0131;  \u00a0indesign mimarl\u0131k\u2019 konsept tasar\u0131mlar, kaliteli hizmet, zaman\u0131nda teslim ve ekonomik \u00e7\u00f6z\u00fcmler sunar.  uluslararas\u0131 fuar stand hizmetleri; markan\u0131za de\u011fer katar.[:]\" \/>\n<meta property=\"og:url\" content=\"https:\/\/www.indesignmimarlik.com\/urun\/sdr-edip-guler-fidancilik-flower-show17-ifm-maksima-fuar-standi\/\" \/>\n<meta property=\"og:site_name\" content=\"[:tr]InDesign Mimarl\u0131k[:en]InDesign Architecture[:]\" \/>\n<meta property=\"article:publisher\" content=\"https:\/\/www.facebook.com\/INDESIGNMIMARLIK\/\" \/>\n<meta property=\"og:image\" content=\"https:\/\/www.indesignmimarlik.com\/wp-content\/uploads\/2020\/07\/sdr-cicekcilik-fuar-standi.jpg\" \/>\n\t<meta property=\"og:image:width\" content=\"1000\" \/>\n\t<meta property=\"og:image:height\" content=\"669\" \/>\n\t<meta property=\"og:image:type\" content=\"image\/jpeg\" \/>\n<meta name=\"twitter:card\" content=\"summary_large_image\" \/>\n<script type=\"application\/ld+json\" class=\"yoast-schema-graph\">{\"@context\":\"https:\\\/\\\/schema.org\",\"@graph\":[{\"@type\":\"WebPage\",\"@id\":\"https:\\\/\\\/www.indesignmimarlik.com\\\/urun\\\/sdr-edip-guler-fidancilik-flower-show17-ifm-maksima-fuar-standi\\\/\",\"url\":\"https:\\\/\\\/www.indesignmimarlik.com\\\/urun\\\/sdr-edip-guler-fidancilik-flower-show17-ifm-maksima-fuar-standi\\\/\",\"name\":\"[:tr]SDR ED\u0130P G\u00dcLER F\u0130DANCILIK Flower show'17 ifm maksima fuar stand\u0131[:] - [:tr]InDesign Mimarl\u0131k[:en]InDesign Architecture[:]\",\"isPartOf\":{\"@id\":\"https:\\\/\\\/www.indesignmimarlik.com\\\/#website\"},\"primaryImageOfPage\":{\"@id\":\"https:\\\/\\\/www.indesignmimarlik.com\\\/urun\\\/sdr-edip-guler-fidancilik-flower-show17-ifm-maksima-fuar-standi\\\/#primaryimage\"},\"image\":{\"@id\":\"https:\\\/\\\/www.indesignmimarlik.com\\\/urun\\\/sdr-edip-guler-fidancilik-flower-show17-ifm-maksima-fuar-standi\\\/#primaryimage\"},\"thumbnailUrl\":\"https:\\\/\\\/www.indesignmimarlik.com\\\/wp-content\\\/uploads\\\/2020\\\/07\\\/sdr-cicekcilik-fuar-standi.jpg\",\"datePublished\":\"2020-07-12T15:40:45+00:00\",\"breadcrumb\":{\"@id\":\"https:\\\/\\\/www.indesignmimarlik.com\\\/urun\\\/sdr-edip-guler-fidancilik-flower-show17-ifm-maksima-fuar-standi\\\/#breadcrumb\"},\"inLanguage\":\"en-US\",\"potentialAction\":[{\"@type\":\"ReadAction\",\"target\":[\"https:\\\/\\\/www.indesignmimarlik.com\\\/urun\\\/sdr-edip-guler-fidancilik-flower-show17-ifm-maksima-fuar-standi\\\/\"]}]},{\"@type\":\"ImageObject\",\"inLanguage\":\"en-US\",\"@id\":\"https:\\\/\\\/www.indesignmimarlik.com\\\/urun\\\/sdr-edip-guler-fidancilik-flower-show17-ifm-maksima-fuar-standi\\\/#primaryimage\",\"url\":\"https:\\\/\\\/www.indesignmimarlik.com\\\/wp-content\\\/uploads\\\/2020\\\/07\\\/sdr-cicekcilik-fuar-standi.jpg\",\"contentUrl\":\"https:\\\/\\\/www.indesignmimarlik.com\\\/wp-content\\\/uploads\\\/2020\\\/07\\\/sdr-cicekcilik-fuar-standi.jpg\",\"width\":1000,\"height\":669,\"caption\":\"????????????????????????????????????\"},{\"@type\":\"BreadcrumbList\",\"@id\":\"https:\\\/\\\/www.indesignmimarlik.com\\\/urun\\\/sdr-edip-guler-fidancilik-flower-show17-ifm-maksima-fuar-standi\\\/#breadcrumb\",\"itemListElement\":[{\"@type\":\"ListItem\",\"position\":1,\"name\":\"Anasayfa\",\"item\":\"https:\\\/\\\/www.indesignmimarlik.com\\\/\"},{\"@type\":\"ListItem\",\"position\":2,\"name\":\"\u00dcr\u00fcnler\",\"item\":\"https:\\\/\\\/www.indesignmimarlik.com\\\/shop\\\/\"},{\"@type\":\"ListItem\",\"position\":3,\"name\":\"SDR ED\u0130P G\u00dcLER F\u0130DANCILIK Flower show&#8217;17 ifm maksima fuar stand\u0131\"}]},{\"@type\":\"WebSite\",\"@id\":\"https:\\\/\\\/www.indesignmimarlik.com\\\/#website\",\"url\":\"https:\\\/\\\/www.indesignmimarlik.com\\\/\",\"name\":\"InDesign Mimarl\u0131k\",\"description\":\"Fuar Stand firmalar\u0131 | Fuar Stand fiyatlar\u0131 |  Fuar Stand\u0131 Yapan firmalar istanbul | Fuar Stand Tasar\u0131mlar\u0131 | Fuar Stand\u0131 kiralama | Mod\u00fcler Fuar stand\u0131 | Stand \u00fcretimi yapan firmalar\",\"publisher\":{\"@id\":\"https:\\\/\\\/www.indesignmimarlik.com\\\/#organization\"},\"potentialAction\":[{\"@type\":\"SearchAction\",\"target\":{\"@type\":\"EntryPoint\",\"urlTemplate\":\"https:\\\/\\\/www.indesignmimarlik.com\\\/?s={search_term_string}\"},\"query-input\":{\"@type\":\"PropertyValueSpecification\",\"valueRequired\":true,\"valueName\":\"search_term_string\"}}],\"inLanguage\":\"en-US\"},{\"@type\":\"Organization\",\"@id\":\"https:\\\/\\\/www.indesignmimarlik.com\\\/#organization\",\"name\":\"InDesign Mimarl\u0131k\",\"url\":\"https:\\\/\\\/www.indesignmimarlik.com\\\/\",\"logo\":{\"@type\":\"ImageObject\",\"inLanguage\":\"en-US\",\"@id\":\"https:\\\/\\\/www.indesignmimarlik.com\\\/#\\\/schema\\\/logo\\\/image\\\/\",\"url\":\"https:\\\/\\\/www.indesignmimarlik.com\\\/wp-content\\\/uploads\\\/2020\\\/06\\\/indesign-mimarlik-logo221120112-SON.png\",\"contentUrl\":\"https:\\\/\\\/www.indesignmimarlik.com\\\/wp-content\\\/uploads\\\/2020\\\/06\\\/indesign-mimarlik-logo221120112-SON.png\",\"width\":300,\"height\":91,\"caption\":\"InDesign Mimarl\u0131k\"},\"image\":{\"@id\":\"https:\\\/\\\/www.indesignmimarlik.com\\\/#\\\/schema\\\/logo\\\/image\\\/\"},\"sameAs\":[\"https:\\\/\\\/www.facebook.com\\\/INDESIGNMIMARLIK\\\/\"]}]}<\/script>\n<!-- \/ Yoast SEO plugin. -->","yoast_head_json":{"title":"[:tr]SDR ED\u0130P G\u00dcLER F\u0130DANCILIK Flower show'17 ifm maksima fuar stand\u0131[:] - [:tr]InDesign Mimarl\u0131k[:en]InDesign Architecture[:]","robots":{"index":"index","follow":"follow","max-snippet":"max-snippet:-1","max-image-preview":"max-image-preview:large","max-video-preview":"max-video-preview:-1"},"canonical":"https:\/\/www.indesignmimarlik.com\/urun\/sdr-edip-guler-fidancilik-flower-show17-ifm-maksima-fuar-standi\/","og_locale":"en_US","og_type":"article","og_title":"[:tr]SDR ED\u0130P G\u00dcLER F\u0130DANCILIK Flower show'17 ifm maksima fuar stand\u0131[:] - [:tr]InDesign Mimarl\u0131k[:en]InDesign Architecture[:]","og_description":"[:tr]sdr-edip-g\u00fcler-fidanc\u0131l\u0131k-flower-show-ifm-maksima-fuar-standi.  \u0130fm fuar merkezinde d\u00fczenlenen Flower show fuar\u0131nda stand tasar\u0131m ve uygulamas\u0131n\u0131 yapt\u0131\u011f\u0131m\u0131z sdr edip g\u00fcler fidanc\u0131l\u0131k maksima fuar standi.  al\u00fcminyum konstr\u00fcksiyon \u00fczeri suntalam panel giydirme. \u00a0suntalam podyum y\u00fckselti zemin uygulamas\u0131.\u00a0 \u015f\u0131k ayd\u0131nlatma armat\u00fcrleri. dijital bask\u0131 reklam uygulamalar\u0131. oturma gruplar\u0131. t\u00fcl uygulamas\u0131. kar\u015f\u0131lama deski.  istanbul fuar stand firmalar\u0131;  \u00a0indesign mimarl\u0131k\u2019 konsept tasar\u0131mlar, kaliteli hizmet, zaman\u0131nda teslim ve ekonomik \u00e7\u00f6z\u00fcmler sunar.  uluslararas\u0131 fuar stand hizmetleri; markan\u0131za de\u011fer katar.[:]","og_url":"https:\/\/www.indesignmimarlik.com\/urun\/sdr-edip-guler-fidancilik-flower-show17-ifm-maksima-fuar-standi\/","og_site_name":"[:tr]InDesign Mimarl\u0131k[:en]InDesign Architecture[:]","article_publisher":"https:\/\/www.facebook.com\/INDESIGNMIMARLIK\/","og_image":[{"width":1000,"height":669,"url":"https:\/\/www.indesignmimarlik.com\/wp-content\/uploads\/2020\/07\/sdr-cicekcilik-fuar-standi.jpg","type":"image\/jpeg"}],"twitter_card":"summary_large_image","schema":{"@context":"https:\/\/schema.org","@graph":[{"@type":"WebPage","@id":"https:\/\/www.indesignmimarlik.com\/urun\/sdr-edip-guler-fidancilik-flower-show17-ifm-maksima-fuar-standi\/","url":"https:\/\/www.indesignmimarlik.com\/urun\/sdr-edip-guler-fidancilik-flower-show17-ifm-maksima-fuar-standi\/","name":"[:tr]SDR ED\u0130P G\u00dcLER F\u0130DANCILIK Flower show'17 ifm maksima fuar stand\u0131[:] - [:tr]InDesign Mimarl\u0131k[:en]InDesign Architecture[:]","isPartOf":{"@id":"https:\/\/www.indesignmimarlik.com\/#website"},"primaryImageOfPage":{"@id":"https:\/\/www.indesignmimarlik.com\/urun\/sdr-edip-guler-fidancilik-flower-show17-ifm-maksima-fuar-standi\/#primaryimage"},"image":{"@id":"https:\/\/www.indesignmimarlik.com\/urun\/sdr-edip-guler-fidancilik-flower-show17-ifm-maksima-fuar-standi\/#primaryimage"},"thumbnailUrl":"https:\/\/www.indesignmimarlik.com\/wp-content\/uploads\/2020\/07\/sdr-cicekcilik-fuar-standi.jpg","datePublished":"2020-07-12T15:40:45+00:00","breadcrumb":{"@id":"https:\/\/www.indesignmimarlik.com\/urun\/sdr-edip-guler-fidancilik-flower-show17-ifm-maksima-fuar-standi\/#breadcrumb"},"inLanguage":"en-US","potentialAction":[{"@type":"ReadAction","target":["https:\/\/www.indesignmimarlik.com\/urun\/sdr-edip-guler-fidancilik-flower-show17-ifm-maksima-fuar-standi\/"]}]},{"@type":"ImageObject","inLanguage":"en-US","@id":"https:\/\/www.indesignmimarlik.com\/urun\/sdr-edip-guler-fidancilik-flower-show17-ifm-maksima-fuar-standi\/#primaryimage","url":"https:\/\/www.indesignmimarlik.com\/wp-content\/uploads\/2020\/07\/sdr-cicekcilik-fuar-standi.jpg","contentUrl":"https:\/\/www.indesignmimarlik.com\/wp-content\/uploads\/2020\/07\/sdr-cicekcilik-fuar-standi.jpg","width":1000,"height":669,"caption":"????????????????????????????????????"},{"@type":"BreadcrumbList","@id":"https:\/\/www.indesignmimarlik.com\/urun\/sdr-edip-guler-fidancilik-flower-show17-ifm-maksima-fuar-standi\/#breadcrumb","itemListElement":[{"@type":"ListItem","position":1,"name":"Anasayfa","item":"https:\/\/www.indesignmimarlik.com\/"},{"@type":"ListItem","position":2,"name":"\u00dcr\u00fcnler","item":"https:\/\/www.indesignmimarlik.com\/shop\/"},{"@type":"ListItem","position":3,"name":"SDR ED\u0130P G\u00dcLER F\u0130DANCILIK Flower show&#8217;17 ifm maksima fuar stand\u0131"}]},{"@type":"WebSite","@id":"https:\/\/www.indesignmimarlik.com\/#website","url":"https:\/\/www.indesignmimarlik.com\/","name":"InDesign Mimarl\u0131k","description":"Fuar Stand firmalar\u0131 | Fuar Stand fiyatlar\u0131 |  Fuar Stand\u0131 Yapan firmalar istanbul | Fuar Stand Tasar\u0131mlar\u0131 | Fuar Stand\u0131 kiralama | Mod\u00fcler Fuar stand\u0131 | Stand \u00fcretimi yapan firmalar","publisher":{"@id":"https:\/\/www.indesignmimarlik.com\/#organization"},"potentialAction":[{"@type":"SearchAction","target":{"@type":"EntryPoint","urlTemplate":"https:\/\/www.indesignmimarlik.com\/?s={search_term_string}"},"query-input":{"@type":"PropertyValueSpecification","valueRequired":true,"valueName":"search_term_string"}}],"inLanguage":"en-US"},{"@type":"Organization","@id":"https:\/\/www.indesignmimarlik.com\/#organization","name":"InDesign Mimarl\u0131k","url":"https:\/\/www.indesignmimarlik.com\/","logo":{"@type":"ImageObject","inLanguage":"en-US","@id":"https:\/\/www.indesignmimarlik.com\/#\/schema\/logo\/image\/","url":"https:\/\/www.indesignmimarlik.com\/wp-content\/uploads\/2020\/06\/indesign-mimarlik-logo221120112-SON.png","contentUrl":"https:\/\/www.indesignmimarlik.com\/wp-content\/uploads\/2020\/06\/indesign-mimarlik-logo221120112-SON.png","width":300,"height":91,"caption":"InDesign Mimarl\u0131k"},"image":{"@id":"https:\/\/www.indesignmimarlik.com\/#\/schema\/logo\/image\/"},"sameAs":["https:\/\/www.facebook.com\/INDESIGNMIMARLIK\/"]}]}},"_links":{"self":[{"href":"https:\/\/www.indesignmimarlik.com\/en\/wp-json\/wp\/v2\/product\/1633","targetHints":{"allow":["GET"]}}],"collection":[{"href":"https:\/\/www.indesignmimarlik.com\/en\/wp-json\/wp\/v2\/product"}],"about":[{"href":"https:\/\/www.indesignmimarlik.com\/en\/wp-json\/wp\/v2\/types\/product"}],"wp:featuredmedia":[{"embeddable":true,"href":"https:\/\/www.indesignmimarlik.com\/en\/wp-json\/wp\/v2\/media\/1634"}],"wp:attachment":[{"href":"https:\/\/www.indesignmimarlik.com\/en\/wp-json\/wp\/v2\/media?parent=1633"}],"wp:term":[{"taxonomy":"product_brand","embeddable":true,"href":"https:\/\/www.indesignmimarlik.com\/en\/wp-json\/wp\/v2\/product_brand?post=1633"},{"taxonomy":"product_cat","embeddable":true,"href":"https:\/\/www.indesignmimarlik.com\/en\/wp-json\/wp\/v2\/product_cat?post=1633"},{"taxonomy":"product_tag","embeddable":true,"href":"https:\/\/www.indesignmimarlik.com\/en\/wp-json\/wp\/v2\/product_tag?post=1633"}],"curies":[{"name":"wp","href":"https:\/\/api.w.org\/{rel}","templated":true}]}}