{"id":1663,"date":"2020-07-12T19:41:50","date_gmt":"2020-07-12T16:41:50","guid":{"rendered":"http:\/\/www.indesignmimarlik.com\/?post_type=product&#038;p=1663"},"modified":"2021-03-14T19:00:08","modified_gmt":"2021-03-14T16:00:08","slug":"maranda-group-merkez-satis-ofisi-mutfak-kafe","status":"publish","type":"product","link":"https:\/\/www.indesignmimarlik.com\/en\/urun\/maranda-group-merkez-satis-ofisi-mutfak-kafe\/","title":{"rendered":"(Turkish) MARANDA GROUP SHOWROOM TASARIMI MUTFAK KAFE (merkez sat\u0131\u015f ofis\u0130)"},"content":{"rendered":"","protected":false},"excerpt":{"rendered":"<p class=\"qtranxs-available-languages-message qtranxs-available-languages-message-en\">Sorry, this entry is only available in <a href=\"https:\/\/www.indesignmimarlik.com\/tr\/wp-json\/wp\/v2\/product\/1663\" class=\"qtranxs-available-language-link qtranxs-available-language-link-tr\" title=\"Turkish\">Turkish<\/a>.<\/p>\n","protected":false},"featured_media":1664,"template":"","meta":[],"product_brand":[],"product_cat":[37],"product_tag":[],"class_list":{"0":"post-1663","1":"product","2":"type-product","3":"status-publish","4":"has-post-thumbnail","6":"product_cat-showroom-and-interior-decoration","8":"first","9":"instock","10":"shipping-taxable","11":"product-type-simple"},"yoast_head":"<!-- This site is optimized with the Yoast SEO plugin v27.3 - https:\/\/yoast.com\/product\/yoast-seo-wordpress\/ -->\n<title>- InDesign Architecture<\/title>\n<meta name=\"robots\" content=\"index, follow, max-snippet:-1, max-image-preview:large, max-video-preview:-1\" \/>\n<link rel=\"canonical\" href=\"https:\/\/www.indesignmimarlik.com\/urun\/maranda-group-merkez-satis-ofisi-mutfak-kafe\/\" \/>\n<meta property=\"og:locale\" content=\"en_US\" \/>\n<meta property=\"og:type\" content=\"article\" \/>\n<meta property=\"og:title\" content=\"[:tr]MARANDA GROUP SHOWROOM TASARIMI MUTFAK KAFE (merkez sat\u0131\u015f ofis\u0130)[:] - [:tr]InDesign Mimarl\u0131k[:en]InDesign Architecture[:]\" \/>\n<meta property=\"og:description\" content=\"[:tr]maranda-group-\u00e7erkezk\u00f6y-satis-ofisi-konsept-tasarimi.  maranda group i\u00e7in tasarlad\u0131\u011f\u0131m\u0131z showroom konsept \u00e7al\u0131\u015fma. m\u00fc\u015fteri kar\u015f\u0131lama, muhasebe odasi, y\u00f6netim odasi, wc, kafe mutfak tasarimi.  istanbul fuar stand showroom tasar\u0131m firmalar\u0131;  \u00a0indesign mimarl\u0131k\u2019 konsept tasar\u0131mlar, kaliteli hizmet, zaman\u0131nda teslim ve ekonomik \u00e7\u00f6z\u00fcmler sunar.  uluslararas\u0131 fuar stand ve showroom tasar\u0131m uygulama hizmetleri; markan\u0131za de\u011fer katar.[:]\" \/>\n<meta property=\"og:url\" content=\"https:\/\/www.indesignmimarlik.com\/urun\/maranda-group-merkez-satis-ofisi-mutfak-kafe\/\" \/>\n<meta property=\"og:site_name\" content=\"[:tr]InDesign Mimarl\u0131k[:en]InDesign Architecture[:]\" \/>\n<meta property=\"article:publisher\" content=\"https:\/\/www.facebook.com\/INDESIGNMIMARLIK\/\" \/>\n<meta property=\"article:modified_time\" content=\"2021-03-14T16:00:08+00:00\" \/>\n<meta property=\"og:image\" content=\"https:\/\/www.indesignmimarlik.com\/wp-content\/uploads\/2020\/07\/maranda-goup-\u00e7erkezk\u00f6y-sat\u0131\u015f-ofisi-kafe-mutfak-tasarimi.jpg\" \/>\n\t<meta property=\"og:image:width\" content=\"1500\" \/>\n\t<meta property=\"og:image:height\" content=\"843\" \/>\n\t<meta property=\"og:image:type\" content=\"image\/jpeg\" \/>\n<meta name=\"twitter:card\" content=\"summary_large_image\" \/>\n<script type=\"application\/ld+json\" class=\"yoast-schema-graph\">{\"@context\":\"https:\\\/\\\/schema.org\",\"@graph\":[{\"@type\":\"WebPage\",\"@id\":\"https:\\\/\\\/www.indesignmimarlik.com\\\/urun\\\/maranda-group-merkez-satis-ofisi-mutfak-kafe\\\/\",\"url\":\"https:\\\/\\\/www.indesignmimarlik.com\\\/urun\\\/maranda-group-merkez-satis-ofisi-mutfak-kafe\\\/\",\"name\":\"[:tr]MARANDA GROUP SHOWROOM TASARIMI MUTFAK KAFE (merkez sat\u0131\u015f ofis\u0130)[:] - [:tr]InDesign Mimarl\u0131k[:en]InDesign Architecture[:]\",\"isPartOf\":{\"@id\":\"https:\\\/\\\/www.indesignmimarlik.com\\\/#website\"},\"primaryImageOfPage\":{\"@id\":\"https:\\\/\\\/www.indesignmimarlik.com\\\/urun\\\/maranda-group-merkez-satis-ofisi-mutfak-kafe\\\/#primaryimage\"},\"image\":{\"@id\":\"https:\\\/\\\/www.indesignmimarlik.com\\\/urun\\\/maranda-group-merkez-satis-ofisi-mutfak-kafe\\\/#primaryimage\"},\"thumbnailUrl\":\"https:\\\/\\\/www.indesignmimarlik.com\\\/wp-content\\\/uploads\\\/2020\\\/07\\\/maranda-goup-\u00e7erkezk\u00f6y-sat\u0131\u015f-ofisi-kafe-mutfak-tasarimi.jpg\",\"datePublished\":\"2020-07-12T16:41:50+00:00\",\"dateModified\":\"2021-03-14T16:00:08+00:00\",\"breadcrumb\":{\"@id\":\"https:\\\/\\\/www.indesignmimarlik.com\\\/urun\\\/maranda-group-merkez-satis-ofisi-mutfak-kafe\\\/#breadcrumb\"},\"inLanguage\":\"en-US\",\"potentialAction\":[{\"@type\":\"ReadAction\",\"target\":[\"https:\\\/\\\/www.indesignmimarlik.com\\\/urun\\\/maranda-group-merkez-satis-ofisi-mutfak-kafe\\\/\"]}]},{\"@type\":\"ImageObject\",\"inLanguage\":\"en-US\",\"@id\":\"https:\\\/\\\/www.indesignmimarlik.com\\\/urun\\\/maranda-group-merkez-satis-ofisi-mutfak-kafe\\\/#primaryimage\",\"url\":\"https:\\\/\\\/www.indesignmimarlik.com\\\/wp-content\\\/uploads\\\/2020\\\/07\\\/maranda-goup-\u00e7erkezk\u00f6y-sat\u0131\u015f-ofisi-kafe-mutfak-tasarimi.jpg\",\"contentUrl\":\"https:\\\/\\\/www.indesignmimarlik.com\\\/wp-content\\\/uploads\\\/2020\\\/07\\\/maranda-goup-\u00e7erkezk\u00f6y-sat\u0131\u015f-ofisi-kafe-mutfak-tasarimi.jpg\",\"width\":1500,\"height\":843},{\"@type\":\"BreadcrumbList\",\"@id\":\"https:\\\/\\\/www.indesignmimarlik.com\\\/urun\\\/maranda-group-merkez-satis-ofisi-mutfak-kafe\\\/#breadcrumb\",\"itemListElement\":[{\"@type\":\"ListItem\",\"position\":1,\"name\":\"Anasayfa\",\"item\":\"https:\\\/\\\/www.indesignmimarlik.com\\\/\"},{\"@type\":\"ListItem\",\"position\":2,\"name\":\"\u00dcr\u00fcnler\",\"item\":\"https:\\\/\\\/www.indesignmimarlik.com\\\/shop\\\/\"},{\"@type\":\"ListItem\",\"position\":3,\"name\":\"MARANDA GROUP SHOWROOM TASARIMI MUTFAK KAFE (merkez sat\u0131\u015f ofis\u0130)\"}]},{\"@type\":\"WebSite\",\"@id\":\"https:\\\/\\\/www.indesignmimarlik.com\\\/#website\",\"url\":\"https:\\\/\\\/www.indesignmimarlik.com\\\/\",\"name\":\"InDesign Mimarl\u0131k\",\"description\":\"Fuar Stand firmalar\u0131 | Fuar Stand fiyatlar\u0131 |  Fuar Stand\u0131 Yapan firmalar istanbul | Fuar Stand Tasar\u0131mlar\u0131 | Fuar Stand\u0131 kiralama | Mod\u00fcler Fuar stand\u0131 | Stand \u00fcretimi yapan firmalar\",\"publisher\":{\"@id\":\"https:\\\/\\\/www.indesignmimarlik.com\\\/#organization\"},\"potentialAction\":[{\"@type\":\"SearchAction\",\"target\":{\"@type\":\"EntryPoint\",\"urlTemplate\":\"https:\\\/\\\/www.indesignmimarlik.com\\\/?s={search_term_string}\"},\"query-input\":{\"@type\":\"PropertyValueSpecification\",\"valueRequired\":true,\"valueName\":\"search_term_string\"}}],\"inLanguage\":\"en-US\"},{\"@type\":\"Organization\",\"@id\":\"https:\\\/\\\/www.indesignmimarlik.com\\\/#organization\",\"name\":\"InDesign Mimarl\u0131k\",\"url\":\"https:\\\/\\\/www.indesignmimarlik.com\\\/\",\"logo\":{\"@type\":\"ImageObject\",\"inLanguage\":\"en-US\",\"@id\":\"https:\\\/\\\/www.indesignmimarlik.com\\\/#\\\/schema\\\/logo\\\/image\\\/\",\"url\":\"https:\\\/\\\/www.indesignmimarlik.com\\\/wp-content\\\/uploads\\\/2020\\\/06\\\/indesign-mimarlik-logo221120112-SON.png\",\"contentUrl\":\"https:\\\/\\\/www.indesignmimarlik.com\\\/wp-content\\\/uploads\\\/2020\\\/06\\\/indesign-mimarlik-logo221120112-SON.png\",\"width\":300,\"height\":91,\"caption\":\"InDesign Mimarl\u0131k\"},\"image\":{\"@id\":\"https:\\\/\\\/www.indesignmimarlik.com\\\/#\\\/schema\\\/logo\\\/image\\\/\"},\"sameAs\":[\"https:\\\/\\\/www.facebook.com\\\/INDESIGNMIMARLIK\\\/\"]}]}<\/script>\n<!-- \/ Yoast SEO plugin. -->","yoast_head_json":{"title":"[:tr]MARANDA GROUP SHOWROOM TASARIMI MUTFAK KAFE (merkez sat\u0131\u015f ofis\u0130)[:] - [:tr]InDesign Mimarl\u0131k[:en]InDesign Architecture[:]","robots":{"index":"index","follow":"follow","max-snippet":"max-snippet:-1","max-image-preview":"max-image-preview:large","max-video-preview":"max-video-preview:-1"},"canonical":"https:\/\/www.indesignmimarlik.com\/urun\/maranda-group-merkez-satis-ofisi-mutfak-kafe\/","og_locale":"en_US","og_type":"article","og_title":"[:tr]MARANDA GROUP SHOWROOM TASARIMI MUTFAK KAFE (merkez sat\u0131\u015f ofis\u0130)[:] - [:tr]InDesign Mimarl\u0131k[:en]InDesign Architecture[:]","og_description":"[:tr]maranda-group-\u00e7erkezk\u00f6y-satis-ofisi-konsept-tasarimi.  maranda group i\u00e7in tasarlad\u0131\u011f\u0131m\u0131z showroom konsept \u00e7al\u0131\u015fma. m\u00fc\u015fteri kar\u015f\u0131lama, muhasebe odasi, y\u00f6netim odasi, wc, kafe mutfak tasarimi.  istanbul fuar stand showroom tasar\u0131m firmalar\u0131;  \u00a0indesign mimarl\u0131k\u2019 konsept tasar\u0131mlar, kaliteli hizmet, zaman\u0131nda teslim ve ekonomik \u00e7\u00f6z\u00fcmler sunar.  uluslararas\u0131 fuar stand ve showroom tasar\u0131m uygulama hizmetleri; markan\u0131za de\u011fer katar.[:]","og_url":"https:\/\/www.indesignmimarlik.com\/urun\/maranda-group-merkez-satis-ofisi-mutfak-kafe\/","og_site_name":"[:tr]InDesign Mimarl\u0131k[:en]InDesign Architecture[:]","article_publisher":"https:\/\/www.facebook.com\/INDESIGNMIMARLIK\/","article_modified_time":"2021-03-14T16:00:08+00:00","og_image":[{"width":1500,"height":843,"url":"https:\/\/www.indesignmimarlik.com\/wp-content\/uploads\/2020\/07\/maranda-goup-\u00e7erkezk\u00f6y-sat\u0131\u015f-ofisi-kafe-mutfak-tasarimi.jpg","type":"image\/jpeg"}],"twitter_card":"summary_large_image","schema":{"@context":"https:\/\/schema.org","@graph":[{"@type":"WebPage","@id":"https:\/\/www.indesignmimarlik.com\/urun\/maranda-group-merkez-satis-ofisi-mutfak-kafe\/","url":"https:\/\/www.indesignmimarlik.com\/urun\/maranda-group-merkez-satis-ofisi-mutfak-kafe\/","name":"[:tr]MARANDA GROUP SHOWROOM TASARIMI MUTFAK KAFE (merkez sat\u0131\u015f ofis\u0130)[:] - [:tr]InDesign Mimarl\u0131k[:en]InDesign Architecture[:]","isPartOf":{"@id":"https:\/\/www.indesignmimarlik.com\/#website"},"primaryImageOfPage":{"@id":"https:\/\/www.indesignmimarlik.com\/urun\/maranda-group-merkez-satis-ofisi-mutfak-kafe\/#primaryimage"},"image":{"@id":"https:\/\/www.indesignmimarlik.com\/urun\/maranda-group-merkez-satis-ofisi-mutfak-kafe\/#primaryimage"},"thumbnailUrl":"https:\/\/www.indesignmimarlik.com\/wp-content\/uploads\/2020\/07\/maranda-goup-\u00e7erkezk\u00f6y-sat\u0131\u015f-ofisi-kafe-mutfak-tasarimi.jpg","datePublished":"2020-07-12T16:41:50+00:00","dateModified":"2021-03-14T16:00:08+00:00","breadcrumb":{"@id":"https:\/\/www.indesignmimarlik.com\/urun\/maranda-group-merkez-satis-ofisi-mutfak-kafe\/#breadcrumb"},"inLanguage":"en-US","potentialAction":[{"@type":"ReadAction","target":["https:\/\/www.indesignmimarlik.com\/urun\/maranda-group-merkez-satis-ofisi-mutfak-kafe\/"]}]},{"@type":"ImageObject","inLanguage":"en-US","@id":"https:\/\/www.indesignmimarlik.com\/urun\/maranda-group-merkez-satis-ofisi-mutfak-kafe\/#primaryimage","url":"https:\/\/www.indesignmimarlik.com\/wp-content\/uploads\/2020\/07\/maranda-goup-\u00e7erkezk\u00f6y-sat\u0131\u015f-ofisi-kafe-mutfak-tasarimi.jpg","contentUrl":"https:\/\/www.indesignmimarlik.com\/wp-content\/uploads\/2020\/07\/maranda-goup-\u00e7erkezk\u00f6y-sat\u0131\u015f-ofisi-kafe-mutfak-tasarimi.jpg","width":1500,"height":843},{"@type":"BreadcrumbList","@id":"https:\/\/www.indesignmimarlik.com\/urun\/maranda-group-merkez-satis-ofisi-mutfak-kafe\/#breadcrumb","itemListElement":[{"@type":"ListItem","position":1,"name":"Anasayfa","item":"https:\/\/www.indesignmimarlik.com\/"},{"@type":"ListItem","position":2,"name":"\u00dcr\u00fcnler","item":"https:\/\/www.indesignmimarlik.com\/shop\/"},{"@type":"ListItem","position":3,"name":"MARANDA GROUP SHOWROOM TASARIMI MUTFAK KAFE (merkez sat\u0131\u015f ofis\u0130)"}]},{"@type":"WebSite","@id":"https:\/\/www.indesignmimarlik.com\/#website","url":"https:\/\/www.indesignmimarlik.com\/","name":"InDesign Mimarl\u0131k","description":"Fuar Stand firmalar\u0131 | Fuar Stand fiyatlar\u0131 |  Fuar Stand\u0131 Yapan firmalar istanbul | Fuar Stand Tasar\u0131mlar\u0131 | Fuar Stand\u0131 kiralama | Mod\u00fcler Fuar stand\u0131 | Stand \u00fcretimi yapan firmalar","publisher":{"@id":"https:\/\/www.indesignmimarlik.com\/#organization"},"potentialAction":[{"@type":"SearchAction","target":{"@type":"EntryPoint","urlTemplate":"https:\/\/www.indesignmimarlik.com\/?s={search_term_string}"},"query-input":{"@type":"PropertyValueSpecification","valueRequired":true,"valueName":"search_term_string"}}],"inLanguage":"en-US"},{"@type":"Organization","@id":"https:\/\/www.indesignmimarlik.com\/#organization","name":"InDesign Mimarl\u0131k","url":"https:\/\/www.indesignmimarlik.com\/","logo":{"@type":"ImageObject","inLanguage":"en-US","@id":"https:\/\/www.indesignmimarlik.com\/#\/schema\/logo\/image\/","url":"https:\/\/www.indesignmimarlik.com\/wp-content\/uploads\/2020\/06\/indesign-mimarlik-logo221120112-SON.png","contentUrl":"https:\/\/www.indesignmimarlik.com\/wp-content\/uploads\/2020\/06\/indesign-mimarlik-logo221120112-SON.png","width":300,"height":91,"caption":"InDesign Mimarl\u0131k"},"image":{"@id":"https:\/\/www.indesignmimarlik.com\/#\/schema\/logo\/image\/"},"sameAs":["https:\/\/www.facebook.com\/INDESIGNMIMARLIK\/"]}]}},"_links":{"self":[{"href":"https:\/\/www.indesignmimarlik.com\/en\/wp-json\/wp\/v2\/product\/1663","targetHints":{"allow":["GET"]}}],"collection":[{"href":"https:\/\/www.indesignmimarlik.com\/en\/wp-json\/wp\/v2\/product"}],"about":[{"href":"https:\/\/www.indesignmimarlik.com\/en\/wp-json\/wp\/v2\/types\/product"}],"wp:featuredmedia":[{"embeddable":true,"href":"https:\/\/www.indesignmimarlik.com\/en\/wp-json\/wp\/v2\/media\/1664"}],"wp:attachment":[{"href":"https:\/\/www.indesignmimarlik.com\/en\/wp-json\/wp\/v2\/media?parent=1663"}],"wp:term":[{"taxonomy":"product_brand","embeddable":true,"href":"https:\/\/www.indesignmimarlik.com\/en\/wp-json\/wp\/v2\/product_brand?post=1663"},{"taxonomy":"product_cat","embeddable":true,"href":"https:\/\/www.indesignmimarlik.com\/en\/wp-json\/wp\/v2\/product_cat?post=1663"},{"taxonomy":"product_tag","embeddable":true,"href":"https:\/\/www.indesignmimarlik.com\/en\/wp-json\/wp\/v2\/product_tag?post=1663"}],"curies":[{"name":"wp","href":"https:\/\/api.w.org\/{rel}","templated":true}]}}