{"id":1847,"date":"2020-07-16T18:52:09","date_gmt":"2020-07-16T15:52:09","guid":{"rendered":"http:\/\/www.indesignmimarlik.com\/?post_type=product&#038;p=1847"},"modified":"2021-05-24T00:04:44","modified_gmt":"2021-05-23T21:04:44","slug":"ayakli-dezenfektan-standi-model-a-1","status":"publish","type":"product","link":"https:\/\/www.indesignmimarlik.com\/en\/urun\/ayakli-dezenfektan-standi-model-a-1\/","title":{"rendered":"(Turkish) AYAKLI DEZENFEKTAN STANDI model ( A-1 )"},"content":{"rendered":"","protected":false},"excerpt":{"rendered":"<p class=\"qtranxs-available-languages-message qtranxs-available-languages-message-en\">Sorry, this entry is only available in <a href=\"https:\/\/www.indesignmimarlik.com\/tr\/wp-json\/wp\/v2\/product\/1847\" class=\"qtranxs-available-language-link qtranxs-available-language-link-tr\" title=\"Turkish\">Turkish<\/a>.<\/p>\n","protected":false},"featured_media":1848,"template":"","meta":[],"product_brand":[],"product_cat":[40],"product_tag":[],"class_list":{"0":"post-1847","1":"product","2":"type-product","3":"status-publish","4":"has-post-thumbnail","6":"product_cat-hygiene-stands","8":"first","9":"instock","10":"shipping-taxable","11":"product-type-simple"},"yoast_head":"<!-- This site is optimized with the Yoast SEO plugin v27.3 - https:\/\/yoast.com\/product\/yoast-seo-wordpress\/ -->\n<title>- InDesign Architecture<\/title>\n<meta name=\"robots\" content=\"index, follow, max-snippet:-1, max-image-preview:large, max-video-preview:-1\" \/>\n<link rel=\"canonical\" href=\"https:\/\/www.indesignmimarlik.com\/urun\/ayakli-dezenfektan-standi-model-a-1\/\" \/>\n<meta property=\"og:locale\" content=\"en_US\" \/>\n<meta property=\"og:type\" content=\"article\" \/>\n<meta property=\"og:title\" content=\"[:tr]AYAKLI DEZENFEKTAN STANDI model ( A-1 )[:] - [:tr]InDesign Mimarl\u0131k[:en]InDesign Architecture[:]\" \/>\n<meta property=\"og:description\" content=\"[:tr]ayakli-dezenfektan-standi-ayakli-hijyen-standi-ayakbasmali-dezenfektan-standi.  ekonomik ayakl\u0131 dezenfektan standi.  kendi \u00fcretimimiz, bayiler i\u00e7in y\u00fcksek adetlerde \u00fcretilebilir.  firmaya g\u00f6re logo bask\u0131 yap\u0131l\u0131r.  el veya\u00a0 kol ile basmal\u0131 . bo\u015f plastik kutu dahil.  bask\u0131 dahil fiyat\u0131;...\u00a0TL +kdv.  kargo al\u0131c\u0131ya aittir.  istanbul i\u00e7i h\u0131zl\u0131 teslim ..\u00a0TL nakliye.[:]\" \/>\n<meta property=\"og:url\" content=\"https:\/\/www.indesignmimarlik.com\/urun\/ayakli-dezenfektan-standi-model-a-1\/\" \/>\n<meta property=\"og:site_name\" content=\"[:tr]InDesign Mimarl\u0131k[:en]InDesign Architecture[:]\" \/>\n<meta property=\"article:publisher\" content=\"https:\/\/www.facebook.com\/INDESIGNMIMARLIK\/\" \/>\n<meta property=\"article:modified_time\" content=\"2021-05-23T21:04:44+00:00\" \/>\n<meta property=\"og:image\" content=\"https:\/\/www.indesignmimarlik.com\/wp-content\/uploads\/2020\/07\/4-1-scaled.jpg\" \/>\n\t<meta property=\"og:image:width\" content=\"2130\" \/>\n\t<meta property=\"og:image:height\" content=\"2560\" \/>\n\t<meta property=\"og:image:type\" content=\"image\/jpeg\" \/>\n<meta name=\"twitter:card\" content=\"summary_large_image\" \/>\n<script type=\"application\/ld+json\" class=\"yoast-schema-graph\">{\"@context\":\"https:\\\/\\\/schema.org\",\"@graph\":[{\"@type\":\"WebPage\",\"@id\":\"https:\\\/\\\/www.indesignmimarlik.com\\\/urun\\\/ayakli-dezenfektan-standi-model-a-1\\\/\",\"url\":\"https:\\\/\\\/www.indesignmimarlik.com\\\/urun\\\/ayakli-dezenfektan-standi-model-a-1\\\/\",\"name\":\"[:tr]AYAKLI DEZENFEKTAN STANDI model ( A-1 )[:] - [:tr]InDesign Mimarl\u0131k[:en]InDesign Architecture[:]\",\"isPartOf\":{\"@id\":\"https:\\\/\\\/www.indesignmimarlik.com\\\/#website\"},\"primaryImageOfPage\":{\"@id\":\"https:\\\/\\\/www.indesignmimarlik.com\\\/urun\\\/ayakli-dezenfektan-standi-model-a-1\\\/#primaryimage\"},\"image\":{\"@id\":\"https:\\\/\\\/www.indesignmimarlik.com\\\/urun\\\/ayakli-dezenfektan-standi-model-a-1\\\/#primaryimage\"},\"thumbnailUrl\":\"https:\\\/\\\/www.indesignmimarlik.com\\\/wp-content\\\/uploads\\\/2020\\\/07\\\/4-1-scaled.jpg\",\"datePublished\":\"2020-07-16T15:52:09+00:00\",\"dateModified\":\"2021-05-23T21:04:44+00:00\",\"breadcrumb\":{\"@id\":\"https:\\\/\\\/www.indesignmimarlik.com\\\/urun\\\/ayakli-dezenfektan-standi-model-a-1\\\/#breadcrumb\"},\"inLanguage\":\"en-US\",\"potentialAction\":[{\"@type\":\"ReadAction\",\"target\":[\"https:\\\/\\\/www.indesignmimarlik.com\\\/urun\\\/ayakli-dezenfektan-standi-model-a-1\\\/\"]}]},{\"@type\":\"ImageObject\",\"inLanguage\":\"en-US\",\"@id\":\"https:\\\/\\\/www.indesignmimarlik.com\\\/urun\\\/ayakli-dezenfektan-standi-model-a-1\\\/#primaryimage\",\"url\":\"https:\\\/\\\/www.indesignmimarlik.com\\\/wp-content\\\/uploads\\\/2020\\\/07\\\/4-1-scaled.jpg\",\"contentUrl\":\"https:\\\/\\\/www.indesignmimarlik.com\\\/wp-content\\\/uploads\\\/2020\\\/07\\\/4-1-scaled.jpg\",\"width\":2130,\"height\":2560},{\"@type\":\"BreadcrumbList\",\"@id\":\"https:\\\/\\\/www.indesignmimarlik.com\\\/urun\\\/ayakli-dezenfektan-standi-model-a-1\\\/#breadcrumb\",\"itemListElement\":[{\"@type\":\"ListItem\",\"position\":1,\"name\":\"Anasayfa\",\"item\":\"https:\\\/\\\/www.indesignmimarlik.com\\\/\"},{\"@type\":\"ListItem\",\"position\":2,\"name\":\"\u00dcr\u00fcnler\",\"item\":\"https:\\\/\\\/www.indesignmimarlik.com\\\/shop\\\/\"},{\"@type\":\"ListItem\",\"position\":3,\"name\":\"AYAKLI DEZENFEKTAN STANDI model ( A-1 )\"}]},{\"@type\":\"WebSite\",\"@id\":\"https:\\\/\\\/www.indesignmimarlik.com\\\/#website\",\"url\":\"https:\\\/\\\/www.indesignmimarlik.com\\\/\",\"name\":\"InDesign Mimarl\u0131k\",\"description\":\"Fuar Stand firmalar\u0131 | Fuar Stand fiyatlar\u0131 |  Fuar Stand\u0131 Yapan firmalar istanbul | Fuar Stand Tasar\u0131mlar\u0131 | Fuar Stand\u0131 kiralama | Mod\u00fcler Fuar stand\u0131 | Stand \u00fcretimi yapan firmalar\",\"publisher\":{\"@id\":\"https:\\\/\\\/www.indesignmimarlik.com\\\/#organization\"},\"potentialAction\":[{\"@type\":\"SearchAction\",\"target\":{\"@type\":\"EntryPoint\",\"urlTemplate\":\"https:\\\/\\\/www.indesignmimarlik.com\\\/?s={search_term_string}\"},\"query-input\":{\"@type\":\"PropertyValueSpecification\",\"valueRequired\":true,\"valueName\":\"search_term_string\"}}],\"inLanguage\":\"en-US\"},{\"@type\":\"Organization\",\"@id\":\"https:\\\/\\\/www.indesignmimarlik.com\\\/#organization\",\"name\":\"InDesign Mimarl\u0131k\",\"url\":\"https:\\\/\\\/www.indesignmimarlik.com\\\/\",\"logo\":{\"@type\":\"ImageObject\",\"inLanguage\":\"en-US\",\"@id\":\"https:\\\/\\\/www.indesignmimarlik.com\\\/#\\\/schema\\\/logo\\\/image\\\/\",\"url\":\"https:\\\/\\\/www.indesignmimarlik.com\\\/wp-content\\\/uploads\\\/2020\\\/06\\\/indesign-mimarlik-logo221120112-SON.png\",\"contentUrl\":\"https:\\\/\\\/www.indesignmimarlik.com\\\/wp-content\\\/uploads\\\/2020\\\/06\\\/indesign-mimarlik-logo221120112-SON.png\",\"width\":300,\"height\":91,\"caption\":\"InDesign Mimarl\u0131k\"},\"image\":{\"@id\":\"https:\\\/\\\/www.indesignmimarlik.com\\\/#\\\/schema\\\/logo\\\/image\\\/\"},\"sameAs\":[\"https:\\\/\\\/www.facebook.com\\\/INDESIGNMIMARLIK\\\/\"]}]}<\/script>\n<!-- \/ Yoast SEO plugin. -->","yoast_head_json":{"title":"[:tr]AYAKLI DEZENFEKTAN STANDI model ( A-1 )[:] - [:tr]InDesign Mimarl\u0131k[:en]InDesign Architecture[:]","robots":{"index":"index","follow":"follow","max-snippet":"max-snippet:-1","max-image-preview":"max-image-preview:large","max-video-preview":"max-video-preview:-1"},"canonical":"https:\/\/www.indesignmimarlik.com\/urun\/ayakli-dezenfektan-standi-model-a-1\/","og_locale":"en_US","og_type":"article","og_title":"[:tr]AYAKLI DEZENFEKTAN STANDI model ( A-1 )[:] - [:tr]InDesign Mimarl\u0131k[:en]InDesign Architecture[:]","og_description":"[:tr]ayakli-dezenfektan-standi-ayakli-hijyen-standi-ayakbasmali-dezenfektan-standi.  ekonomik ayakl\u0131 dezenfektan standi.  kendi \u00fcretimimiz, bayiler i\u00e7in y\u00fcksek adetlerde \u00fcretilebilir.  firmaya g\u00f6re logo bask\u0131 yap\u0131l\u0131r.  el veya\u00a0 kol ile basmal\u0131 . bo\u015f plastik kutu dahil.  bask\u0131 dahil fiyat\u0131;...\u00a0TL +kdv.  kargo al\u0131c\u0131ya aittir.  istanbul i\u00e7i h\u0131zl\u0131 teslim ..\u00a0TL nakliye.[:]","og_url":"https:\/\/www.indesignmimarlik.com\/urun\/ayakli-dezenfektan-standi-model-a-1\/","og_site_name":"[:tr]InDesign Mimarl\u0131k[:en]InDesign Architecture[:]","article_publisher":"https:\/\/www.facebook.com\/INDESIGNMIMARLIK\/","article_modified_time":"2021-05-23T21:04:44+00:00","og_image":[{"width":2130,"height":2560,"url":"https:\/\/www.indesignmimarlik.com\/wp-content\/uploads\/2020\/07\/4-1-scaled.jpg","type":"image\/jpeg"}],"twitter_card":"summary_large_image","schema":{"@context":"https:\/\/schema.org","@graph":[{"@type":"WebPage","@id":"https:\/\/www.indesignmimarlik.com\/urun\/ayakli-dezenfektan-standi-model-a-1\/","url":"https:\/\/www.indesignmimarlik.com\/urun\/ayakli-dezenfektan-standi-model-a-1\/","name":"[:tr]AYAKLI DEZENFEKTAN STANDI model ( A-1 )[:] - [:tr]InDesign Mimarl\u0131k[:en]InDesign Architecture[:]","isPartOf":{"@id":"https:\/\/www.indesignmimarlik.com\/#website"},"primaryImageOfPage":{"@id":"https:\/\/www.indesignmimarlik.com\/urun\/ayakli-dezenfektan-standi-model-a-1\/#primaryimage"},"image":{"@id":"https:\/\/www.indesignmimarlik.com\/urun\/ayakli-dezenfektan-standi-model-a-1\/#primaryimage"},"thumbnailUrl":"https:\/\/www.indesignmimarlik.com\/wp-content\/uploads\/2020\/07\/4-1-scaled.jpg","datePublished":"2020-07-16T15:52:09+00:00","dateModified":"2021-05-23T21:04:44+00:00","breadcrumb":{"@id":"https:\/\/www.indesignmimarlik.com\/urun\/ayakli-dezenfektan-standi-model-a-1\/#breadcrumb"},"inLanguage":"en-US","potentialAction":[{"@type":"ReadAction","target":["https:\/\/www.indesignmimarlik.com\/urun\/ayakli-dezenfektan-standi-model-a-1\/"]}]},{"@type":"ImageObject","inLanguage":"en-US","@id":"https:\/\/www.indesignmimarlik.com\/urun\/ayakli-dezenfektan-standi-model-a-1\/#primaryimage","url":"https:\/\/www.indesignmimarlik.com\/wp-content\/uploads\/2020\/07\/4-1-scaled.jpg","contentUrl":"https:\/\/www.indesignmimarlik.com\/wp-content\/uploads\/2020\/07\/4-1-scaled.jpg","width":2130,"height":2560},{"@type":"BreadcrumbList","@id":"https:\/\/www.indesignmimarlik.com\/urun\/ayakli-dezenfektan-standi-model-a-1\/#breadcrumb","itemListElement":[{"@type":"ListItem","position":1,"name":"Anasayfa","item":"https:\/\/www.indesignmimarlik.com\/"},{"@type":"ListItem","position":2,"name":"\u00dcr\u00fcnler","item":"https:\/\/www.indesignmimarlik.com\/shop\/"},{"@type":"ListItem","position":3,"name":"AYAKLI DEZENFEKTAN STANDI model ( A-1 )"}]},{"@type":"WebSite","@id":"https:\/\/www.indesignmimarlik.com\/#website","url":"https:\/\/www.indesignmimarlik.com\/","name":"InDesign Mimarl\u0131k","description":"Fuar Stand firmalar\u0131 | Fuar Stand fiyatlar\u0131 |  Fuar Stand\u0131 Yapan firmalar istanbul | Fuar Stand Tasar\u0131mlar\u0131 | Fuar Stand\u0131 kiralama | Mod\u00fcler Fuar stand\u0131 | Stand \u00fcretimi yapan firmalar","publisher":{"@id":"https:\/\/www.indesignmimarlik.com\/#organization"},"potentialAction":[{"@type":"SearchAction","target":{"@type":"EntryPoint","urlTemplate":"https:\/\/www.indesignmimarlik.com\/?s={search_term_string}"},"query-input":{"@type":"PropertyValueSpecification","valueRequired":true,"valueName":"search_term_string"}}],"inLanguage":"en-US"},{"@type":"Organization","@id":"https:\/\/www.indesignmimarlik.com\/#organization","name":"InDesign Mimarl\u0131k","url":"https:\/\/www.indesignmimarlik.com\/","logo":{"@type":"ImageObject","inLanguage":"en-US","@id":"https:\/\/www.indesignmimarlik.com\/#\/schema\/logo\/image\/","url":"https:\/\/www.indesignmimarlik.com\/wp-content\/uploads\/2020\/06\/indesign-mimarlik-logo221120112-SON.png","contentUrl":"https:\/\/www.indesignmimarlik.com\/wp-content\/uploads\/2020\/06\/indesign-mimarlik-logo221120112-SON.png","width":300,"height":91,"caption":"InDesign Mimarl\u0131k"},"image":{"@id":"https:\/\/www.indesignmimarlik.com\/#\/schema\/logo\/image\/"},"sameAs":["https:\/\/www.facebook.com\/INDESIGNMIMARLIK\/"]}]}},"_links":{"self":[{"href":"https:\/\/www.indesignmimarlik.com\/en\/wp-json\/wp\/v2\/product\/1847","targetHints":{"allow":["GET"]}}],"collection":[{"href":"https:\/\/www.indesignmimarlik.com\/en\/wp-json\/wp\/v2\/product"}],"about":[{"href":"https:\/\/www.indesignmimarlik.com\/en\/wp-json\/wp\/v2\/types\/product"}],"wp:featuredmedia":[{"embeddable":true,"href":"https:\/\/www.indesignmimarlik.com\/en\/wp-json\/wp\/v2\/media\/1848"}],"wp:attachment":[{"href":"https:\/\/www.indesignmimarlik.com\/en\/wp-json\/wp\/v2\/media?parent=1847"}],"wp:term":[{"taxonomy":"product_brand","embeddable":true,"href":"https:\/\/www.indesignmimarlik.com\/en\/wp-json\/wp\/v2\/product_brand?post=1847"},{"taxonomy":"product_cat","embeddable":true,"href":"https:\/\/www.indesignmimarlik.com\/en\/wp-json\/wp\/v2\/product_cat?post=1847"},{"taxonomy":"product_tag","embeddable":true,"href":"https:\/\/www.indesignmimarlik.com\/en\/wp-json\/wp\/v2\/product_tag?post=1847"}],"curies":[{"name":"wp","href":"https:\/\/api.w.org\/{rel}","templated":true}]}}