{"id":1966,"date":"2020-08-02T03:17:50","date_gmt":"2020-08-02T00:17:50","guid":{"rendered":"http:\/\/www.indesignmimarlik.com\/?post_type=product&#038;p=1966"},"modified":"2023-09-10T19:59:30","modified_gmt":"2023-09-10T16:59:30","slug":"bakis-kapak-yapi-tuyap17","status":"publish","type":"product","link":"https:\/\/www.indesignmimarlik.com\/en\/urun\/bakis-kapak-yapi-tuyap17\/","title":{"rendered":"(Turkish) A-BAKI\u015e KAPAK FUAR STANDI YAPI&#8217;17-T\u00dcYAP FUAR STANDLARI"},"content":{"rendered":"","protected":false},"excerpt":{"rendered":"<p class=\"qtranxs-available-languages-message qtranxs-available-languages-message-en\">Sorry, this entry is only available in <a href=\"https:\/\/www.indesignmimarlik.com\/tr\/wp-json\/wp\/v2\/product\/1966\" class=\"qtranxs-available-language-link qtranxs-available-language-link-tr\" title=\"Turkish\">Turkish<\/a>.<\/p>\n","protected":false},"featured_media":2895,"template":"","meta":[],"product_brand":[],"product_cat":[41,55,56,60,62,58,61,33,32],"product_tag":[73,68,118,126,71,65,66,133,128,127],"class_list":{"0":"post-1966","1":"product","2":"type-product","3":"status-publish","4":"has-post-thumbnail","6":"product_cat-fair-stand","7":"product_cat-companies-that-make-fair-stands","8":"product_cat-fair-stand-companies","9":"product_cat-fair-stand-rental","10":"product_cat-fair-stand-prices","11":"product_cat-fair-stand-examples","12":"product_cat-fair-stand-designs","13":"product_cat-fair-stands","14":"product_cat-wooden-fair-stands","15":"product_tag-fuar-stand-firmalari","16":"product_tag-fuar-stand-fiyatlari","17":"product_tag-fuar-stand-kiralama","18":"product_tag-fuar-stand-modelleri","19":"product_tag-fuar-stand-tasarimlari","20":"product_tag-fuar-standi","21":"product_tag-fuar-standlari","22":"product_tag-fuar-takip","23":"product_tag-germany-fair-stand","24":"product_tag-turkey-fair-stand","26":"first","27":"instock","28":"shipping-taxable","29":"product-type-simple"},"yoast_head":"<!-- This site is optimized with the Yoast SEO plugin v27.3 - https:\/\/yoast.com\/product\/yoast-seo-wordpress\/ -->\n<title>- InDesign Architecture<\/title>\n<meta name=\"robots\" content=\"index, follow, max-snippet:-1, max-image-preview:large, max-video-preview:-1\" \/>\n<link rel=\"canonical\" href=\"https:\/\/www.indesignmimarlik.com\/urun\/bakis-kapak-yapi-tuyap17\/\" \/>\n<meta property=\"og:locale\" content=\"en_US\" \/>\n<meta property=\"og:type\" content=\"article\" \/>\n<meta property=\"og:title\" content=\"[:tr]A-BAKI\u015e KAPAK FUAR STANDI YAPI&#039;17-T\u00dcYAP FUAR STANDLARI[:] - [:tr]InDesign Mimarl\u0131k[:en]InDesign Architecture[:]\" \/>\n<meta property=\"og:description\" content=\"[:tr]Bak\u0131\u015f Kapak T\u00fcyap Yap\u0131 fuar\u0131 2017-t\u00fcyap fuar takvimi  Ah\u015fap sunta suntalam stand. \u00e7elik konstr\u00fcksiyon asma kat. konsept tasar\u0131m. asma kat vip oturma. suntalam karolaj podyum zemin uygulamas\u0131.\u00a0 \u015f\u0131k ayd\u0131nlatma armat\u00fcrleri. dijital bask\u0131 reklam uygulamalar\u0131. suntalam banko. oturma gruplar\u0131. led dekorasyon  indesign mimarl\u0131k\u2019 konsept tasar\u0131mlar, kaliteli hizmet, zaman\u0131nda teslim ve ekonomik \u00e7\u00f6z\u00fcmler sunar.  uluslararas\u0131 fuar stand showroom tasarim ve uygulama hizmetleri; markan\u0131za de\u011fer katar.[:]\" \/>\n<meta property=\"og:url\" content=\"https:\/\/www.indesignmimarlik.com\/urun\/bakis-kapak-yapi-tuyap17\/\" \/>\n<meta property=\"og:site_name\" content=\"[:tr]InDesign Mimarl\u0131k[:en]InDesign Architecture[:]\" \/>\n<meta property=\"article:publisher\" content=\"https:\/\/www.facebook.com\/INDESIGNMIMARLIK\/\" \/>\n<meta property=\"article:modified_time\" content=\"2023-09-10T16:59:30+00:00\" \/>\n<meta property=\"og:image\" content=\"https:\/\/www.indesignmimarlik.com\/wp-content\/uploads\/2020\/08\/fuar-standlar\u0131-fuar-takvimi-fuar-stand\u0131-scaled.jpg\" \/>\n\t<meta property=\"og:image:width\" content=\"2560\" \/>\n\t<meta property=\"og:image:height\" content=\"1920\" \/>\n\t<meta property=\"og:image:type\" content=\"image\/jpeg\" \/>\n<meta name=\"twitter:card\" content=\"summary_large_image\" \/>\n<script type=\"application\/ld+json\" class=\"yoast-schema-graph\">{\"@context\":\"https:\\\/\\\/schema.org\",\"@graph\":[{\"@type\":\"WebPage\",\"@id\":\"https:\\\/\\\/www.indesignmimarlik.com\\\/urun\\\/bakis-kapak-yapi-tuyap17\\\/\",\"url\":\"https:\\\/\\\/www.indesignmimarlik.com\\\/urun\\\/bakis-kapak-yapi-tuyap17\\\/\",\"name\":\"[:tr]A-BAKI\u015e KAPAK FUAR STANDI YAPI'17-T\u00dcYAP FUAR STANDLARI[:] - [:tr]InDesign Mimarl\u0131k[:en]InDesign Architecture[:]\",\"isPartOf\":{\"@id\":\"https:\\\/\\\/www.indesignmimarlik.com\\\/#website\"},\"primaryImageOfPage\":{\"@id\":\"https:\\\/\\\/www.indesignmimarlik.com\\\/urun\\\/bakis-kapak-yapi-tuyap17\\\/#primaryimage\"},\"image\":{\"@id\":\"https:\\\/\\\/www.indesignmimarlik.com\\\/urun\\\/bakis-kapak-yapi-tuyap17\\\/#primaryimage\"},\"thumbnailUrl\":\"https:\\\/\\\/www.indesignmimarlik.com\\\/wp-content\\\/uploads\\\/2020\\\/08\\\/fuar-standlar\u0131-fuar-takvimi-fuar-stand\u0131-scaled.jpg\",\"datePublished\":\"2020-08-02T00:17:50+00:00\",\"dateModified\":\"2023-09-10T16:59:30+00:00\",\"breadcrumb\":{\"@id\":\"https:\\\/\\\/www.indesignmimarlik.com\\\/urun\\\/bakis-kapak-yapi-tuyap17\\\/#breadcrumb\"},\"inLanguage\":\"en-US\",\"potentialAction\":[{\"@type\":\"ReadAction\",\"target\":[\"https:\\\/\\\/www.indesignmimarlik.com\\\/urun\\\/bakis-kapak-yapi-tuyap17\\\/\"]}]},{\"@type\":\"ImageObject\",\"inLanguage\":\"en-US\",\"@id\":\"https:\\\/\\\/www.indesignmimarlik.com\\\/urun\\\/bakis-kapak-yapi-tuyap17\\\/#primaryimage\",\"url\":\"https:\\\/\\\/www.indesignmimarlik.com\\\/wp-content\\\/uploads\\\/2020\\\/08\\\/fuar-standlar\u0131-fuar-takvimi-fuar-stand\u0131-scaled.jpg\",\"contentUrl\":\"https:\\\/\\\/www.indesignmimarlik.com\\\/wp-content\\\/uploads\\\/2020\\\/08\\\/fuar-standlar\u0131-fuar-takvimi-fuar-stand\u0131-scaled.jpg\",\"width\":2560,\"height\":1920,\"caption\":\"fuar stand tasar\u0131mlar\u0131\"},{\"@type\":\"BreadcrumbList\",\"@id\":\"https:\\\/\\\/www.indesignmimarlik.com\\\/urun\\\/bakis-kapak-yapi-tuyap17\\\/#breadcrumb\",\"itemListElement\":[{\"@type\":\"ListItem\",\"position\":1,\"name\":\"Anasayfa\",\"item\":\"https:\\\/\\\/www.indesignmimarlik.com\\\/\"},{\"@type\":\"ListItem\",\"position\":2,\"name\":\"\u00dcr\u00fcnler\",\"item\":\"https:\\\/\\\/www.indesignmimarlik.com\\\/shop\\\/\"},{\"@type\":\"ListItem\",\"position\":3,\"name\":\"A-BAKI\u015e KAPAK FUAR STANDI YAPI&#8217;17-T\u00dcYAP FUAR STANDLARI\"}]},{\"@type\":\"WebSite\",\"@id\":\"https:\\\/\\\/www.indesignmimarlik.com\\\/#website\",\"url\":\"https:\\\/\\\/www.indesignmimarlik.com\\\/\",\"name\":\"InDesign Mimarl\u0131k\",\"description\":\"Fuar Stand firmalar\u0131 | Fuar Stand fiyatlar\u0131 |  Fuar Stand\u0131 Yapan firmalar istanbul | Fuar Stand Tasar\u0131mlar\u0131 | Fuar Stand\u0131 kiralama | Mod\u00fcler Fuar stand\u0131 | Stand \u00fcretimi yapan firmalar\",\"publisher\":{\"@id\":\"https:\\\/\\\/www.indesignmimarlik.com\\\/#organization\"},\"potentialAction\":[{\"@type\":\"SearchAction\",\"target\":{\"@type\":\"EntryPoint\",\"urlTemplate\":\"https:\\\/\\\/www.indesignmimarlik.com\\\/?s={search_term_string}\"},\"query-input\":{\"@type\":\"PropertyValueSpecification\",\"valueRequired\":true,\"valueName\":\"search_term_string\"}}],\"inLanguage\":\"en-US\"},{\"@type\":\"Organization\",\"@id\":\"https:\\\/\\\/www.indesignmimarlik.com\\\/#organization\",\"name\":\"InDesign Mimarl\u0131k\",\"url\":\"https:\\\/\\\/www.indesignmimarlik.com\\\/\",\"logo\":{\"@type\":\"ImageObject\",\"inLanguage\":\"en-US\",\"@id\":\"https:\\\/\\\/www.indesignmimarlik.com\\\/#\\\/schema\\\/logo\\\/image\\\/\",\"url\":\"https:\\\/\\\/www.indesignmimarlik.com\\\/wp-content\\\/uploads\\\/2020\\\/06\\\/indesign-mimarlik-logo221120112-SON.png\",\"contentUrl\":\"https:\\\/\\\/www.indesignmimarlik.com\\\/wp-content\\\/uploads\\\/2020\\\/06\\\/indesign-mimarlik-logo221120112-SON.png\",\"width\":300,\"height\":91,\"caption\":\"InDesign Mimarl\u0131k\"},\"image\":{\"@id\":\"https:\\\/\\\/www.indesignmimarlik.com\\\/#\\\/schema\\\/logo\\\/image\\\/\"},\"sameAs\":[\"https:\\\/\\\/www.facebook.com\\\/INDESIGNMIMARLIK\\\/\"]}]}<\/script>\n<!-- \/ Yoast SEO plugin. -->","yoast_head_json":{"title":"[:tr]A-BAKI\u015e KAPAK FUAR STANDI YAPI'17-T\u00dcYAP FUAR STANDLARI[:] - [:tr]InDesign Mimarl\u0131k[:en]InDesign Architecture[:]","robots":{"index":"index","follow":"follow","max-snippet":"max-snippet:-1","max-image-preview":"max-image-preview:large","max-video-preview":"max-video-preview:-1"},"canonical":"https:\/\/www.indesignmimarlik.com\/urun\/bakis-kapak-yapi-tuyap17\/","og_locale":"en_US","og_type":"article","og_title":"[:tr]A-BAKI\u015e KAPAK FUAR STANDI YAPI'17-T\u00dcYAP FUAR STANDLARI[:] - [:tr]InDesign Mimarl\u0131k[:en]InDesign Architecture[:]","og_description":"[:tr]Bak\u0131\u015f Kapak T\u00fcyap Yap\u0131 fuar\u0131 2017-t\u00fcyap fuar takvimi  Ah\u015fap sunta suntalam stand. \u00e7elik konstr\u00fcksiyon asma kat. konsept tasar\u0131m. asma kat vip oturma. suntalam karolaj podyum zemin uygulamas\u0131.\u00a0 \u015f\u0131k ayd\u0131nlatma armat\u00fcrleri. dijital bask\u0131 reklam uygulamalar\u0131. suntalam banko. oturma gruplar\u0131. led dekorasyon  indesign mimarl\u0131k\u2019 konsept tasar\u0131mlar, kaliteli hizmet, zaman\u0131nda teslim ve ekonomik \u00e7\u00f6z\u00fcmler sunar.  uluslararas\u0131 fuar stand showroom tasarim ve uygulama hizmetleri; markan\u0131za de\u011fer katar.[:]","og_url":"https:\/\/www.indesignmimarlik.com\/urun\/bakis-kapak-yapi-tuyap17\/","og_site_name":"[:tr]InDesign Mimarl\u0131k[:en]InDesign Architecture[:]","article_publisher":"https:\/\/www.facebook.com\/INDESIGNMIMARLIK\/","article_modified_time":"2023-09-10T16:59:30+00:00","og_image":[{"width":2560,"height":1920,"url":"https:\/\/www.indesignmimarlik.com\/wp-content\/uploads\/2020\/08\/fuar-standlar\u0131-fuar-takvimi-fuar-stand\u0131-scaled.jpg","type":"image\/jpeg"}],"twitter_card":"summary_large_image","schema":{"@context":"https:\/\/schema.org","@graph":[{"@type":"WebPage","@id":"https:\/\/www.indesignmimarlik.com\/urun\/bakis-kapak-yapi-tuyap17\/","url":"https:\/\/www.indesignmimarlik.com\/urun\/bakis-kapak-yapi-tuyap17\/","name":"[:tr]A-BAKI\u015e KAPAK FUAR STANDI YAPI'17-T\u00dcYAP FUAR STANDLARI[:] - [:tr]InDesign Mimarl\u0131k[:en]InDesign Architecture[:]","isPartOf":{"@id":"https:\/\/www.indesignmimarlik.com\/#website"},"primaryImageOfPage":{"@id":"https:\/\/www.indesignmimarlik.com\/urun\/bakis-kapak-yapi-tuyap17\/#primaryimage"},"image":{"@id":"https:\/\/www.indesignmimarlik.com\/urun\/bakis-kapak-yapi-tuyap17\/#primaryimage"},"thumbnailUrl":"https:\/\/www.indesignmimarlik.com\/wp-content\/uploads\/2020\/08\/fuar-standlar\u0131-fuar-takvimi-fuar-stand\u0131-scaled.jpg","datePublished":"2020-08-02T00:17:50+00:00","dateModified":"2023-09-10T16:59:30+00:00","breadcrumb":{"@id":"https:\/\/www.indesignmimarlik.com\/urun\/bakis-kapak-yapi-tuyap17\/#breadcrumb"},"inLanguage":"en-US","potentialAction":[{"@type":"ReadAction","target":["https:\/\/www.indesignmimarlik.com\/urun\/bakis-kapak-yapi-tuyap17\/"]}]},{"@type":"ImageObject","inLanguage":"en-US","@id":"https:\/\/www.indesignmimarlik.com\/urun\/bakis-kapak-yapi-tuyap17\/#primaryimage","url":"https:\/\/www.indesignmimarlik.com\/wp-content\/uploads\/2020\/08\/fuar-standlar\u0131-fuar-takvimi-fuar-stand\u0131-scaled.jpg","contentUrl":"https:\/\/www.indesignmimarlik.com\/wp-content\/uploads\/2020\/08\/fuar-standlar\u0131-fuar-takvimi-fuar-stand\u0131-scaled.jpg","width":2560,"height":1920,"caption":"fuar stand tasar\u0131mlar\u0131"},{"@type":"BreadcrumbList","@id":"https:\/\/www.indesignmimarlik.com\/urun\/bakis-kapak-yapi-tuyap17\/#breadcrumb","itemListElement":[{"@type":"ListItem","position":1,"name":"Anasayfa","item":"https:\/\/www.indesignmimarlik.com\/"},{"@type":"ListItem","position":2,"name":"\u00dcr\u00fcnler","item":"https:\/\/www.indesignmimarlik.com\/shop\/"},{"@type":"ListItem","position":3,"name":"A-BAKI\u015e KAPAK FUAR STANDI YAPI&#8217;17-T\u00dcYAP FUAR STANDLARI"}]},{"@type":"WebSite","@id":"https:\/\/www.indesignmimarlik.com\/#website","url":"https:\/\/www.indesignmimarlik.com\/","name":"InDesign Mimarl\u0131k","description":"Fuar Stand firmalar\u0131 | Fuar Stand fiyatlar\u0131 |  Fuar Stand\u0131 Yapan firmalar istanbul | Fuar Stand Tasar\u0131mlar\u0131 | Fuar Stand\u0131 kiralama | Mod\u00fcler Fuar stand\u0131 | Stand \u00fcretimi yapan firmalar","publisher":{"@id":"https:\/\/www.indesignmimarlik.com\/#organization"},"potentialAction":[{"@type":"SearchAction","target":{"@type":"EntryPoint","urlTemplate":"https:\/\/www.indesignmimarlik.com\/?s={search_term_string}"},"query-input":{"@type":"PropertyValueSpecification","valueRequired":true,"valueName":"search_term_string"}}],"inLanguage":"en-US"},{"@type":"Organization","@id":"https:\/\/www.indesignmimarlik.com\/#organization","name":"InDesign Mimarl\u0131k","url":"https:\/\/www.indesignmimarlik.com\/","logo":{"@type":"ImageObject","inLanguage":"en-US","@id":"https:\/\/www.indesignmimarlik.com\/#\/schema\/logo\/image\/","url":"https:\/\/www.indesignmimarlik.com\/wp-content\/uploads\/2020\/06\/indesign-mimarlik-logo221120112-SON.png","contentUrl":"https:\/\/www.indesignmimarlik.com\/wp-content\/uploads\/2020\/06\/indesign-mimarlik-logo221120112-SON.png","width":300,"height":91,"caption":"InDesign Mimarl\u0131k"},"image":{"@id":"https:\/\/www.indesignmimarlik.com\/#\/schema\/logo\/image\/"},"sameAs":["https:\/\/www.facebook.com\/INDESIGNMIMARLIK\/"]}]}},"_links":{"self":[{"href":"https:\/\/www.indesignmimarlik.com\/en\/wp-json\/wp\/v2\/product\/1966","targetHints":{"allow":["GET"]}}],"collection":[{"href":"https:\/\/www.indesignmimarlik.com\/en\/wp-json\/wp\/v2\/product"}],"about":[{"href":"https:\/\/www.indesignmimarlik.com\/en\/wp-json\/wp\/v2\/types\/product"}],"wp:featuredmedia":[{"embeddable":true,"href":"https:\/\/www.indesignmimarlik.com\/en\/wp-json\/wp\/v2\/media\/2895"}],"wp:attachment":[{"href":"https:\/\/www.indesignmimarlik.com\/en\/wp-json\/wp\/v2\/media?parent=1966"}],"wp:term":[{"taxonomy":"product_brand","embeddable":true,"href":"https:\/\/www.indesignmimarlik.com\/en\/wp-json\/wp\/v2\/product_brand?post=1966"},{"taxonomy":"product_cat","embeddable":true,"href":"https:\/\/www.indesignmimarlik.com\/en\/wp-json\/wp\/v2\/product_cat?post=1966"},{"taxonomy":"product_tag","embeddable":true,"href":"https:\/\/www.indesignmimarlik.com\/en\/wp-json\/wp\/v2\/product_tag?post=1966"}],"curies":[{"name":"wp","href":"https:\/\/api.w.org\/{rel}","templated":true}]}}