{"id":2039,"date":"2020-08-02T18:06:51","date_gmt":"2020-08-02T15:06:51","guid":{"rendered":"http:\/\/www.indesignmimarlik.com\/?post_type=product&#038;p=2039"},"modified":"2021-03-07T01:09:59","modified_gmt":"2021-03-06T22:09:59","slug":"rafturk-euroshop20-dusseldorf-germany","status":"publish","type":"product","link":"https:\/\/www.indesignmimarlik.com\/en\/urun\/rafturk-euroshop20-dusseldorf-germany\/","title":{"rendered":"(Turkish) A-RAFTURK FUAR STANDI EUROSHOP&#8217;20-DUSSELDORF GERMANY"},"content":{"rendered":"","protected":false},"excerpt":{"rendered":"<p class=\"qtranxs-available-languages-message qtranxs-available-languages-message-en\">Sorry, this entry is only available in <a href=\"https:\/\/www.indesignmimarlik.com\/tr\/wp-json\/wp\/v2\/product\/2039\" class=\"qtranxs-available-language-link qtranxs-available-language-link-tr\" title=\"Turkish\">Turkish<\/a>.<\/p>\n","protected":false},"featured_media":2040,"template":"","meta":[],"product_brand":[],"product_cat":[41,34],"product_tag":[],"class_list":{"0":"post-2039","1":"product","2":"type-product","3":"status-publish","4":"has-post-thumbnail","6":"product_cat-fair-stand","7":"product_cat-international-fair-stands","9":"first","10":"instock","11":"shipping-taxable","12":"product-type-simple"},"yoast_head":"<!-- This site is optimized with the Yoast SEO plugin v27.3 - https:\/\/yoast.com\/product\/yoast-seo-wordpress\/ -->\n<title>- InDesign Architecture<\/title>\n<meta name=\"robots\" content=\"index, follow, max-snippet:-1, max-image-preview:large, max-video-preview:-1\" \/>\n<link rel=\"canonical\" href=\"https:\/\/www.indesignmimarlik.com\/urun\/rafturk-euroshop20-dusseldorf-germany\/\" \/>\n<meta property=\"og:locale\" content=\"en_US\" \/>\n<meta property=\"og:type\" content=\"article\" \/>\n<meta property=\"og:title\" content=\"[:tr]A-RAFTURK FUAR STANDI EUROSHOP&#039;20-DUSSELDORF GERMANY[:] - [:tr]InDesign Mimarl\u0131k[:en]InDesign Architecture[:]\" \/>\n<meta property=\"og:description\" content=\"[:tr]Rafturk eren \u00e7elik euroshop 2020 dusseldorf germany,  tuss konstr\u00fcksiyon asma tabela ( textil frame). tavandan led ayd\u0131nlatma. zemin laminat parke uygulamas\u0131.\u00a0 \u015f\u0131k ayd\u0131nlatma armat\u00fcrleri. dijital bask\u0131 reklam uygulamalar\u0131. firma raf sistemleri montaj. oturma gruplar\u0131. kar\u015f\u0131lama deski.  indesign mimarl\u0131k\u2019 konsept tasar\u0131mlar, kaliteli hizmet, zaman\u0131nda teslim ve ekonomik \u00e7\u00f6z\u00fcmler sunar.  \u00a0uluslararas\u0131 fuar stand ve showroom tasarim uygulama hizmetleri; markan\u0131za de\u011fer[:]\" \/>\n<meta property=\"og:url\" content=\"https:\/\/www.indesignmimarlik.com\/urun\/rafturk-euroshop20-dusseldorf-germany\/\" \/>\n<meta property=\"og:site_name\" content=\"[:tr]InDesign Mimarl\u0131k[:en]InDesign Architecture[:]\" \/>\n<meta property=\"article:publisher\" content=\"https:\/\/www.facebook.com\/INDESIGNMIMARLIK\/\" \/>\n<meta property=\"article:modified_time\" content=\"2021-03-06T22:09:59+00:00\" \/>\n<meta property=\"og:image\" content=\"https:\/\/www.indesignmimarlik.com\/wp-content\/uploads\/2020\/08\/erencelik-euroshop-fuar-standi-yurtd\u0131s\u0131-ahsap-fuar-standlari-kiralama-indesign-mimarlik.jpg\" \/>\n\t<meta property=\"og:image:width\" content=\"1000\" \/>\n\t<meta property=\"og:image:height\" content=\"563\" \/>\n\t<meta property=\"og:image:type\" content=\"image\/jpeg\" \/>\n<meta name=\"twitter:card\" content=\"summary_large_image\" \/>\n<script type=\"application\/ld+json\" class=\"yoast-schema-graph\">{\"@context\":\"https:\\\/\\\/schema.org\",\"@graph\":[{\"@type\":\"WebPage\",\"@id\":\"https:\\\/\\\/www.indesignmimarlik.com\\\/urun\\\/rafturk-euroshop20-dusseldorf-germany\\\/\",\"url\":\"https:\\\/\\\/www.indesignmimarlik.com\\\/urun\\\/rafturk-euroshop20-dusseldorf-germany\\\/\",\"name\":\"[:tr]A-RAFTURK FUAR STANDI EUROSHOP'20-DUSSELDORF GERMANY[:] - [:tr]InDesign Mimarl\u0131k[:en]InDesign Architecture[:]\",\"isPartOf\":{\"@id\":\"https:\\\/\\\/www.indesignmimarlik.com\\\/#website\"},\"primaryImageOfPage\":{\"@id\":\"https:\\\/\\\/www.indesignmimarlik.com\\\/urun\\\/rafturk-euroshop20-dusseldorf-germany\\\/#primaryimage\"},\"image\":{\"@id\":\"https:\\\/\\\/www.indesignmimarlik.com\\\/urun\\\/rafturk-euroshop20-dusseldorf-germany\\\/#primaryimage\"},\"thumbnailUrl\":\"https:\\\/\\\/www.indesignmimarlik.com\\\/wp-content\\\/uploads\\\/2020\\\/08\\\/erencelik-euroshop-fuar-standi-yurtd\u0131s\u0131-ahsap-fuar-standlari-kiralama-indesign-mimarlik.jpg\",\"datePublished\":\"2020-08-02T15:06:51+00:00\",\"dateModified\":\"2021-03-06T22:09:59+00:00\",\"breadcrumb\":{\"@id\":\"https:\\\/\\\/www.indesignmimarlik.com\\\/urun\\\/rafturk-euroshop20-dusseldorf-germany\\\/#breadcrumb\"},\"inLanguage\":\"en-US\",\"potentialAction\":[{\"@type\":\"ReadAction\",\"target\":[\"https:\\\/\\\/www.indesignmimarlik.com\\\/urun\\\/rafturk-euroshop20-dusseldorf-germany\\\/\"]}]},{\"@type\":\"ImageObject\",\"inLanguage\":\"en-US\",\"@id\":\"https:\\\/\\\/www.indesignmimarlik.com\\\/urun\\\/rafturk-euroshop20-dusseldorf-germany\\\/#primaryimage\",\"url\":\"https:\\\/\\\/www.indesignmimarlik.com\\\/wp-content\\\/uploads\\\/2020\\\/08\\\/erencelik-euroshop-fuar-standi-yurtd\u0131s\u0131-ahsap-fuar-standlari-kiralama-indesign-mimarlik.jpg\",\"contentUrl\":\"https:\\\/\\\/www.indesignmimarlik.com\\\/wp-content\\\/uploads\\\/2020\\\/08\\\/erencelik-euroshop-fuar-standi-yurtd\u0131s\u0131-ahsap-fuar-standlari-kiralama-indesign-mimarlik.jpg\",\"width\":1000,\"height\":563},{\"@type\":\"BreadcrumbList\",\"@id\":\"https:\\\/\\\/www.indesignmimarlik.com\\\/urun\\\/rafturk-euroshop20-dusseldorf-germany\\\/#breadcrumb\",\"itemListElement\":[{\"@type\":\"ListItem\",\"position\":1,\"name\":\"Anasayfa\",\"item\":\"https:\\\/\\\/www.indesignmimarlik.com\\\/\"},{\"@type\":\"ListItem\",\"position\":2,\"name\":\"\u00dcr\u00fcnler\",\"item\":\"https:\\\/\\\/www.indesignmimarlik.com\\\/shop\\\/\"},{\"@type\":\"ListItem\",\"position\":3,\"name\":\"A-RAFTURK FUAR STANDI EUROSHOP&#8217;20-DUSSELDORF GERMANY\"}]},{\"@type\":\"WebSite\",\"@id\":\"https:\\\/\\\/www.indesignmimarlik.com\\\/#website\",\"url\":\"https:\\\/\\\/www.indesignmimarlik.com\\\/\",\"name\":\"InDesign Mimarl\u0131k\",\"description\":\"Fuar Stand firmalar\u0131 | Fuar Stand fiyatlar\u0131 |  Fuar Stand\u0131 Yapan firmalar istanbul | Fuar Stand Tasar\u0131mlar\u0131 | Fuar Stand\u0131 kiralama | Mod\u00fcler Fuar stand\u0131 | Stand \u00fcretimi yapan firmalar\",\"publisher\":{\"@id\":\"https:\\\/\\\/www.indesignmimarlik.com\\\/#organization\"},\"potentialAction\":[{\"@type\":\"SearchAction\",\"target\":{\"@type\":\"EntryPoint\",\"urlTemplate\":\"https:\\\/\\\/www.indesignmimarlik.com\\\/?s={search_term_string}\"},\"query-input\":{\"@type\":\"PropertyValueSpecification\",\"valueRequired\":true,\"valueName\":\"search_term_string\"}}],\"inLanguage\":\"en-US\"},{\"@type\":\"Organization\",\"@id\":\"https:\\\/\\\/www.indesignmimarlik.com\\\/#organization\",\"name\":\"InDesign Mimarl\u0131k\",\"url\":\"https:\\\/\\\/www.indesignmimarlik.com\\\/\",\"logo\":{\"@type\":\"ImageObject\",\"inLanguage\":\"en-US\",\"@id\":\"https:\\\/\\\/www.indesignmimarlik.com\\\/#\\\/schema\\\/logo\\\/image\\\/\",\"url\":\"https:\\\/\\\/www.indesignmimarlik.com\\\/wp-content\\\/uploads\\\/2020\\\/06\\\/indesign-mimarlik-logo221120112-SON.png\",\"contentUrl\":\"https:\\\/\\\/www.indesignmimarlik.com\\\/wp-content\\\/uploads\\\/2020\\\/06\\\/indesign-mimarlik-logo221120112-SON.png\",\"width\":300,\"height\":91,\"caption\":\"InDesign Mimarl\u0131k\"},\"image\":{\"@id\":\"https:\\\/\\\/www.indesignmimarlik.com\\\/#\\\/schema\\\/logo\\\/image\\\/\"},\"sameAs\":[\"https:\\\/\\\/www.facebook.com\\\/INDESIGNMIMARLIK\\\/\"]}]}<\/script>\n<!-- \/ Yoast SEO plugin. -->","yoast_head_json":{"title":"[:tr]A-RAFTURK FUAR STANDI EUROSHOP'20-DUSSELDORF GERMANY[:] - [:tr]InDesign Mimarl\u0131k[:en]InDesign Architecture[:]","robots":{"index":"index","follow":"follow","max-snippet":"max-snippet:-1","max-image-preview":"max-image-preview:large","max-video-preview":"max-video-preview:-1"},"canonical":"https:\/\/www.indesignmimarlik.com\/urun\/rafturk-euroshop20-dusseldorf-germany\/","og_locale":"en_US","og_type":"article","og_title":"[:tr]A-RAFTURK FUAR STANDI EUROSHOP'20-DUSSELDORF GERMANY[:] - [:tr]InDesign Mimarl\u0131k[:en]InDesign Architecture[:]","og_description":"[:tr]Rafturk eren \u00e7elik euroshop 2020 dusseldorf germany,  tuss konstr\u00fcksiyon asma tabela ( textil frame). tavandan led ayd\u0131nlatma. zemin laminat parke uygulamas\u0131.\u00a0 \u015f\u0131k ayd\u0131nlatma armat\u00fcrleri. dijital bask\u0131 reklam uygulamalar\u0131. firma raf sistemleri montaj. oturma gruplar\u0131. kar\u015f\u0131lama deski.  indesign mimarl\u0131k\u2019 konsept tasar\u0131mlar, kaliteli hizmet, zaman\u0131nda teslim ve ekonomik \u00e7\u00f6z\u00fcmler sunar.  \u00a0uluslararas\u0131 fuar stand ve showroom tasarim uygulama hizmetleri; markan\u0131za de\u011fer[:]","og_url":"https:\/\/www.indesignmimarlik.com\/urun\/rafturk-euroshop20-dusseldorf-germany\/","og_site_name":"[:tr]InDesign Mimarl\u0131k[:en]InDesign Architecture[:]","article_publisher":"https:\/\/www.facebook.com\/INDESIGNMIMARLIK\/","article_modified_time":"2021-03-06T22:09:59+00:00","og_image":[{"width":1000,"height":563,"url":"https:\/\/www.indesignmimarlik.com\/wp-content\/uploads\/2020\/08\/erencelik-euroshop-fuar-standi-yurtd\u0131s\u0131-ahsap-fuar-standlari-kiralama-indesign-mimarlik.jpg","type":"image\/jpeg"}],"twitter_card":"summary_large_image","schema":{"@context":"https:\/\/schema.org","@graph":[{"@type":"WebPage","@id":"https:\/\/www.indesignmimarlik.com\/urun\/rafturk-euroshop20-dusseldorf-germany\/","url":"https:\/\/www.indesignmimarlik.com\/urun\/rafturk-euroshop20-dusseldorf-germany\/","name":"[:tr]A-RAFTURK FUAR STANDI EUROSHOP'20-DUSSELDORF GERMANY[:] - [:tr]InDesign Mimarl\u0131k[:en]InDesign Architecture[:]","isPartOf":{"@id":"https:\/\/www.indesignmimarlik.com\/#website"},"primaryImageOfPage":{"@id":"https:\/\/www.indesignmimarlik.com\/urun\/rafturk-euroshop20-dusseldorf-germany\/#primaryimage"},"image":{"@id":"https:\/\/www.indesignmimarlik.com\/urun\/rafturk-euroshop20-dusseldorf-germany\/#primaryimage"},"thumbnailUrl":"https:\/\/www.indesignmimarlik.com\/wp-content\/uploads\/2020\/08\/erencelik-euroshop-fuar-standi-yurtd\u0131s\u0131-ahsap-fuar-standlari-kiralama-indesign-mimarlik.jpg","datePublished":"2020-08-02T15:06:51+00:00","dateModified":"2021-03-06T22:09:59+00:00","breadcrumb":{"@id":"https:\/\/www.indesignmimarlik.com\/urun\/rafturk-euroshop20-dusseldorf-germany\/#breadcrumb"},"inLanguage":"en-US","potentialAction":[{"@type":"ReadAction","target":["https:\/\/www.indesignmimarlik.com\/urun\/rafturk-euroshop20-dusseldorf-germany\/"]}]},{"@type":"ImageObject","inLanguage":"en-US","@id":"https:\/\/www.indesignmimarlik.com\/urun\/rafturk-euroshop20-dusseldorf-germany\/#primaryimage","url":"https:\/\/www.indesignmimarlik.com\/wp-content\/uploads\/2020\/08\/erencelik-euroshop-fuar-standi-yurtd\u0131s\u0131-ahsap-fuar-standlari-kiralama-indesign-mimarlik.jpg","contentUrl":"https:\/\/www.indesignmimarlik.com\/wp-content\/uploads\/2020\/08\/erencelik-euroshop-fuar-standi-yurtd\u0131s\u0131-ahsap-fuar-standlari-kiralama-indesign-mimarlik.jpg","width":1000,"height":563},{"@type":"BreadcrumbList","@id":"https:\/\/www.indesignmimarlik.com\/urun\/rafturk-euroshop20-dusseldorf-germany\/#breadcrumb","itemListElement":[{"@type":"ListItem","position":1,"name":"Anasayfa","item":"https:\/\/www.indesignmimarlik.com\/"},{"@type":"ListItem","position":2,"name":"\u00dcr\u00fcnler","item":"https:\/\/www.indesignmimarlik.com\/shop\/"},{"@type":"ListItem","position":3,"name":"A-RAFTURK FUAR STANDI EUROSHOP&#8217;20-DUSSELDORF GERMANY"}]},{"@type":"WebSite","@id":"https:\/\/www.indesignmimarlik.com\/#website","url":"https:\/\/www.indesignmimarlik.com\/","name":"InDesign Mimarl\u0131k","description":"Fuar Stand firmalar\u0131 | Fuar Stand fiyatlar\u0131 |  Fuar Stand\u0131 Yapan firmalar istanbul | Fuar Stand Tasar\u0131mlar\u0131 | Fuar Stand\u0131 kiralama | Mod\u00fcler Fuar stand\u0131 | Stand \u00fcretimi yapan firmalar","publisher":{"@id":"https:\/\/www.indesignmimarlik.com\/#organization"},"potentialAction":[{"@type":"SearchAction","target":{"@type":"EntryPoint","urlTemplate":"https:\/\/www.indesignmimarlik.com\/?s={search_term_string}"},"query-input":{"@type":"PropertyValueSpecification","valueRequired":true,"valueName":"search_term_string"}}],"inLanguage":"en-US"},{"@type":"Organization","@id":"https:\/\/www.indesignmimarlik.com\/#organization","name":"InDesign Mimarl\u0131k","url":"https:\/\/www.indesignmimarlik.com\/","logo":{"@type":"ImageObject","inLanguage":"en-US","@id":"https:\/\/www.indesignmimarlik.com\/#\/schema\/logo\/image\/","url":"https:\/\/www.indesignmimarlik.com\/wp-content\/uploads\/2020\/06\/indesign-mimarlik-logo221120112-SON.png","contentUrl":"https:\/\/www.indesignmimarlik.com\/wp-content\/uploads\/2020\/06\/indesign-mimarlik-logo221120112-SON.png","width":300,"height":91,"caption":"InDesign Mimarl\u0131k"},"image":{"@id":"https:\/\/www.indesignmimarlik.com\/#\/schema\/logo\/image\/"},"sameAs":["https:\/\/www.facebook.com\/INDESIGNMIMARLIK\/"]}]}},"_links":{"self":[{"href":"https:\/\/www.indesignmimarlik.com\/en\/wp-json\/wp\/v2\/product\/2039","targetHints":{"allow":["GET"]}}],"collection":[{"href":"https:\/\/www.indesignmimarlik.com\/en\/wp-json\/wp\/v2\/product"}],"about":[{"href":"https:\/\/www.indesignmimarlik.com\/en\/wp-json\/wp\/v2\/types\/product"}],"wp:featuredmedia":[{"embeddable":true,"href":"https:\/\/www.indesignmimarlik.com\/en\/wp-json\/wp\/v2\/media\/2040"}],"wp:attachment":[{"href":"https:\/\/www.indesignmimarlik.com\/en\/wp-json\/wp\/v2\/media?parent=2039"}],"wp:term":[{"taxonomy":"product_brand","embeddable":true,"href":"https:\/\/www.indesignmimarlik.com\/en\/wp-json\/wp\/v2\/product_brand?post=2039"},{"taxonomy":"product_cat","embeddable":true,"href":"https:\/\/www.indesignmimarlik.com\/en\/wp-json\/wp\/v2\/product_cat?post=2039"},{"taxonomy":"product_tag","embeddable":true,"href":"https:\/\/www.indesignmimarlik.com\/en\/wp-json\/wp\/v2\/product_tag?post=2039"}],"curies":[{"name":"wp","href":"https:\/\/api.w.org\/{rel}","templated":true}]}}