{"id":3146,"date":"2021-04-01T21:25:04","date_gmt":"2021-04-01T18:25:04","guid":{"rendered":"http:\/\/www.indesignmimarlik.com\/?post_type=product&#038;p=3146"},"modified":"2023-09-20T01:22:29","modified_gmt":"2023-09-19T22:22:29","slug":"fuar-standi-tasarimi-ard-asansor13-tuyap-fuar-standlari","status":"publish","type":"product","link":"https:\/\/www.indesignmimarlik.com\/en\/urun\/fuar-standi-tasarimi-ard-asansor13-tuyap-fuar-standlari\/","title":{"rendered":"(Turkish) FUAR STANDI ARD ASANS\u00d6R&#8217;13-T\u00dcYAP FUAR-STANDLARI"},"content":{"rendered":"","protected":false},"excerpt":{"rendered":"","protected":false},"featured_media":3147,"template":"","meta":[],"product_brand":[],"product_cat":[41,55,56,60,62,58,61,33,32],"product_tag":[50],"class_list":{"0":"post-3146","1":"product","2":"type-product","3":"status-publish","4":"has-post-thumbnail","6":"product_cat-fair-stand","7":"product_cat-companies-that-make-fair-stands","8":"product_cat-fair-stand-companies","9":"product_cat-fair-stand-rental","10":"product_cat-fair-stand-prices","11":"product_cat-fair-stand-examples","12":"product_cat-fair-stand-designs","13":"product_cat-fair-stands","14":"product_cat-wooden-fair-stands","15":"product_tag-fuar-standi-yapan-firmalar","17":"first","18":"instock","19":"shipping-taxable","20":"product-type-simple"},"yoast_head":"<!-- This site is optimized with the Yoast SEO plugin v27.3 - https:\/\/yoast.com\/product\/yoast-seo-wordpress\/ -->\n<title>- InDesign Architecture<\/title>\n<meta name=\"robots\" content=\"index, follow, max-snippet:-1, max-image-preview:large, max-video-preview:-1\" \/>\n<link rel=\"canonical\" href=\"https:\/\/www.indesignmimarlik.com\/urun\/fuar-standi-tasarimi-ard-asansor13-tuyap-fuar-standlari\/\" \/>\n<meta property=\"og:locale\" content=\"en_US\" \/>\n<meta property=\"og:type\" content=\"article\" \/>\n<meta property=\"og:title\" content=\"[:tr]FUAR STANDI ARD ASANS\u00d6R&#039;13-T\u00dcYAP FUAR-STANDLARI[:] - [:tr]InDesign Mimarl\u0131k[:en]InDesign Architecture[:]\" \/>\n<meta property=\"og:url\" content=\"https:\/\/www.indesignmimarlik.com\/urun\/fuar-standi-tasarimi-ard-asansor13-tuyap-fuar-standlari\/\" \/>\n<meta property=\"og:site_name\" content=\"[:tr]InDesign Mimarl\u0131k[:en]InDesign Architecture[:]\" \/>\n<meta property=\"article:publisher\" content=\"https:\/\/www.facebook.com\/INDESIGNMIMARLIK\/\" \/>\n<meta property=\"article:modified_time\" content=\"2023-09-19T22:22:29+00:00\" \/>\n<meta property=\"og:image\" content=\"https:\/\/www.indesignmimarlik.com\/wp-content\/uploads\/2021\/04\/fuar-stand\u0131-kiralama-firmalar\u0131.jpg\" \/>\n\t<meta property=\"og:image:width\" content=\"1000\" \/>\n\t<meta property=\"og:image:height\" content=\"642\" \/>\n\t<meta property=\"og:image:type\" content=\"image\/jpeg\" \/>\n<meta name=\"twitter:card\" content=\"summary_large_image\" \/>\n<script type=\"application\/ld+json\" class=\"yoast-schema-graph\">{\"@context\":\"https:\\\/\\\/schema.org\",\"@graph\":[{\"@type\":\"WebPage\",\"@id\":\"https:\\\/\\\/www.indesignmimarlik.com\\\/urun\\\/fuar-standi-tasarimi-ard-asansor13-tuyap-fuar-standlari\\\/\",\"url\":\"https:\\\/\\\/www.indesignmimarlik.com\\\/urun\\\/fuar-standi-tasarimi-ard-asansor13-tuyap-fuar-standlari\\\/\",\"name\":\"[:tr]FUAR STANDI ARD ASANS\u00d6R'13-T\u00dcYAP FUAR-STANDLARI[:] - [:tr]InDesign Mimarl\u0131k[:en]InDesign Architecture[:]\",\"isPartOf\":{\"@id\":\"https:\\\/\\\/www.indesignmimarlik.com\\\/#website\"},\"primaryImageOfPage\":{\"@id\":\"https:\\\/\\\/www.indesignmimarlik.com\\\/urun\\\/fuar-standi-tasarimi-ard-asansor13-tuyap-fuar-standlari\\\/#primaryimage\"},\"image\":{\"@id\":\"https:\\\/\\\/www.indesignmimarlik.com\\\/urun\\\/fuar-standi-tasarimi-ard-asansor13-tuyap-fuar-standlari\\\/#primaryimage\"},\"thumbnailUrl\":\"https:\\\/\\\/www.indesignmimarlik.com\\\/wp-content\\\/uploads\\\/2021\\\/04\\\/fuar-stand\u0131-kiralama-firmalar\u0131.jpg\",\"datePublished\":\"2021-04-01T18:25:04+00:00\",\"dateModified\":\"2023-09-19T22:22:29+00:00\",\"breadcrumb\":{\"@id\":\"https:\\\/\\\/www.indesignmimarlik.com\\\/urun\\\/fuar-standi-tasarimi-ard-asansor13-tuyap-fuar-standlari\\\/#breadcrumb\"},\"inLanguage\":\"en-US\",\"potentialAction\":[{\"@type\":\"ReadAction\",\"target\":[\"https:\\\/\\\/www.indesignmimarlik.com\\\/urun\\\/fuar-standi-tasarimi-ard-asansor13-tuyap-fuar-standlari\\\/\"]}]},{\"@type\":\"ImageObject\",\"inLanguage\":\"en-US\",\"@id\":\"https:\\\/\\\/www.indesignmimarlik.com\\\/urun\\\/fuar-standi-tasarimi-ard-asansor13-tuyap-fuar-standlari\\\/#primaryimage\",\"url\":\"https:\\\/\\\/www.indesignmimarlik.com\\\/wp-content\\\/uploads\\\/2021\\\/04\\\/fuar-stand\u0131-kiralama-firmalar\u0131.jpg\",\"contentUrl\":\"https:\\\/\\\/www.indesignmimarlik.com\\\/wp-content\\\/uploads\\\/2021\\\/04\\\/fuar-stand\u0131-kiralama-firmalar\u0131.jpg\",\"width\":1000,\"height\":642,\"caption\":\"????????????????????????????????????\"},{\"@type\":\"BreadcrumbList\",\"@id\":\"https:\\\/\\\/www.indesignmimarlik.com\\\/urun\\\/fuar-standi-tasarimi-ard-asansor13-tuyap-fuar-standlari\\\/#breadcrumb\",\"itemListElement\":[{\"@type\":\"ListItem\",\"position\":1,\"name\":\"Anasayfa\",\"item\":\"https:\\\/\\\/www.indesignmimarlik.com\\\/\"},{\"@type\":\"ListItem\",\"position\":2,\"name\":\"\u00dcr\u00fcnler\",\"item\":\"https:\\\/\\\/www.indesignmimarlik.com\\\/shop\\\/\"},{\"@type\":\"ListItem\",\"position\":3,\"name\":\"FUAR STANDI ARD ASANS\u00d6R&#8217;13-T\u00dcYAP FUAR-STANDLARI\"}]},{\"@type\":\"WebSite\",\"@id\":\"https:\\\/\\\/www.indesignmimarlik.com\\\/#website\",\"url\":\"https:\\\/\\\/www.indesignmimarlik.com\\\/\",\"name\":\"InDesign Mimarl\u0131k\",\"description\":\"Fuar Stand firmalar\u0131 | Fuar Stand fiyatlar\u0131 |  Fuar Stand\u0131 Yapan firmalar istanbul | Fuar Stand Tasar\u0131mlar\u0131 | Fuar Stand\u0131 kiralama | Mod\u00fcler Fuar stand\u0131 | Stand \u00fcretimi yapan firmalar\",\"publisher\":{\"@id\":\"https:\\\/\\\/www.indesignmimarlik.com\\\/#organization\"},\"potentialAction\":[{\"@type\":\"SearchAction\",\"target\":{\"@type\":\"EntryPoint\",\"urlTemplate\":\"https:\\\/\\\/www.indesignmimarlik.com\\\/?s={search_term_string}\"},\"query-input\":{\"@type\":\"PropertyValueSpecification\",\"valueRequired\":true,\"valueName\":\"search_term_string\"}}],\"inLanguage\":\"en-US\"},{\"@type\":\"Organization\",\"@id\":\"https:\\\/\\\/www.indesignmimarlik.com\\\/#organization\",\"name\":\"InDesign Mimarl\u0131k\",\"url\":\"https:\\\/\\\/www.indesignmimarlik.com\\\/\",\"logo\":{\"@type\":\"ImageObject\",\"inLanguage\":\"en-US\",\"@id\":\"https:\\\/\\\/www.indesignmimarlik.com\\\/#\\\/schema\\\/logo\\\/image\\\/\",\"url\":\"https:\\\/\\\/www.indesignmimarlik.com\\\/wp-content\\\/uploads\\\/2020\\\/06\\\/indesign-mimarlik-logo221120112-SON.png\",\"contentUrl\":\"https:\\\/\\\/www.indesignmimarlik.com\\\/wp-content\\\/uploads\\\/2020\\\/06\\\/indesign-mimarlik-logo221120112-SON.png\",\"width\":300,\"height\":91,\"caption\":\"InDesign Mimarl\u0131k\"},\"image\":{\"@id\":\"https:\\\/\\\/www.indesignmimarlik.com\\\/#\\\/schema\\\/logo\\\/image\\\/\"},\"sameAs\":[\"https:\\\/\\\/www.facebook.com\\\/INDESIGNMIMARLIK\\\/\"]}]}<\/script>\n<!-- \/ Yoast SEO plugin. -->","yoast_head_json":{"title":"[:tr]FUAR STANDI ARD ASANS\u00d6R'13-T\u00dcYAP FUAR-STANDLARI[:] - [:tr]InDesign Mimarl\u0131k[:en]InDesign Architecture[:]","robots":{"index":"index","follow":"follow","max-snippet":"max-snippet:-1","max-image-preview":"max-image-preview:large","max-video-preview":"max-video-preview:-1"},"canonical":"https:\/\/www.indesignmimarlik.com\/urun\/fuar-standi-tasarimi-ard-asansor13-tuyap-fuar-standlari\/","og_locale":"en_US","og_type":"article","og_title":"[:tr]FUAR STANDI ARD ASANS\u00d6R'13-T\u00dcYAP FUAR-STANDLARI[:] - [:tr]InDesign Mimarl\u0131k[:en]InDesign Architecture[:]","og_url":"https:\/\/www.indesignmimarlik.com\/urun\/fuar-standi-tasarimi-ard-asansor13-tuyap-fuar-standlari\/","og_site_name":"[:tr]InDesign Mimarl\u0131k[:en]InDesign Architecture[:]","article_publisher":"https:\/\/www.facebook.com\/INDESIGNMIMARLIK\/","article_modified_time":"2023-09-19T22:22:29+00:00","og_image":[{"width":1000,"height":642,"url":"https:\/\/www.indesignmimarlik.com\/wp-content\/uploads\/2021\/04\/fuar-stand\u0131-kiralama-firmalar\u0131.jpg","type":"image\/jpeg"}],"twitter_card":"summary_large_image","schema":{"@context":"https:\/\/schema.org","@graph":[{"@type":"WebPage","@id":"https:\/\/www.indesignmimarlik.com\/urun\/fuar-standi-tasarimi-ard-asansor13-tuyap-fuar-standlari\/","url":"https:\/\/www.indesignmimarlik.com\/urun\/fuar-standi-tasarimi-ard-asansor13-tuyap-fuar-standlari\/","name":"[:tr]FUAR STANDI ARD ASANS\u00d6R'13-T\u00dcYAP FUAR-STANDLARI[:] - [:tr]InDesign Mimarl\u0131k[:en]InDesign Architecture[:]","isPartOf":{"@id":"https:\/\/www.indesignmimarlik.com\/#website"},"primaryImageOfPage":{"@id":"https:\/\/www.indesignmimarlik.com\/urun\/fuar-standi-tasarimi-ard-asansor13-tuyap-fuar-standlari\/#primaryimage"},"image":{"@id":"https:\/\/www.indesignmimarlik.com\/urun\/fuar-standi-tasarimi-ard-asansor13-tuyap-fuar-standlari\/#primaryimage"},"thumbnailUrl":"https:\/\/www.indesignmimarlik.com\/wp-content\/uploads\/2021\/04\/fuar-stand\u0131-kiralama-firmalar\u0131.jpg","datePublished":"2021-04-01T18:25:04+00:00","dateModified":"2023-09-19T22:22:29+00:00","breadcrumb":{"@id":"https:\/\/www.indesignmimarlik.com\/urun\/fuar-standi-tasarimi-ard-asansor13-tuyap-fuar-standlari\/#breadcrumb"},"inLanguage":"en-US","potentialAction":[{"@type":"ReadAction","target":["https:\/\/www.indesignmimarlik.com\/urun\/fuar-standi-tasarimi-ard-asansor13-tuyap-fuar-standlari\/"]}]},{"@type":"ImageObject","inLanguage":"en-US","@id":"https:\/\/www.indesignmimarlik.com\/urun\/fuar-standi-tasarimi-ard-asansor13-tuyap-fuar-standlari\/#primaryimage","url":"https:\/\/www.indesignmimarlik.com\/wp-content\/uploads\/2021\/04\/fuar-stand\u0131-kiralama-firmalar\u0131.jpg","contentUrl":"https:\/\/www.indesignmimarlik.com\/wp-content\/uploads\/2021\/04\/fuar-stand\u0131-kiralama-firmalar\u0131.jpg","width":1000,"height":642,"caption":"????????????????????????????????????"},{"@type":"BreadcrumbList","@id":"https:\/\/www.indesignmimarlik.com\/urun\/fuar-standi-tasarimi-ard-asansor13-tuyap-fuar-standlari\/#breadcrumb","itemListElement":[{"@type":"ListItem","position":1,"name":"Anasayfa","item":"https:\/\/www.indesignmimarlik.com\/"},{"@type":"ListItem","position":2,"name":"\u00dcr\u00fcnler","item":"https:\/\/www.indesignmimarlik.com\/shop\/"},{"@type":"ListItem","position":3,"name":"FUAR STANDI ARD ASANS\u00d6R&#8217;13-T\u00dcYAP FUAR-STANDLARI"}]},{"@type":"WebSite","@id":"https:\/\/www.indesignmimarlik.com\/#website","url":"https:\/\/www.indesignmimarlik.com\/","name":"InDesign Mimarl\u0131k","description":"Fuar Stand firmalar\u0131 | Fuar Stand fiyatlar\u0131 |  Fuar Stand\u0131 Yapan firmalar istanbul | Fuar Stand Tasar\u0131mlar\u0131 | Fuar Stand\u0131 kiralama | Mod\u00fcler Fuar stand\u0131 | Stand \u00fcretimi yapan firmalar","publisher":{"@id":"https:\/\/www.indesignmimarlik.com\/#organization"},"potentialAction":[{"@type":"SearchAction","target":{"@type":"EntryPoint","urlTemplate":"https:\/\/www.indesignmimarlik.com\/?s={search_term_string}"},"query-input":{"@type":"PropertyValueSpecification","valueRequired":true,"valueName":"search_term_string"}}],"inLanguage":"en-US"},{"@type":"Organization","@id":"https:\/\/www.indesignmimarlik.com\/#organization","name":"InDesign Mimarl\u0131k","url":"https:\/\/www.indesignmimarlik.com\/","logo":{"@type":"ImageObject","inLanguage":"en-US","@id":"https:\/\/www.indesignmimarlik.com\/#\/schema\/logo\/image\/","url":"https:\/\/www.indesignmimarlik.com\/wp-content\/uploads\/2020\/06\/indesign-mimarlik-logo221120112-SON.png","contentUrl":"https:\/\/www.indesignmimarlik.com\/wp-content\/uploads\/2020\/06\/indesign-mimarlik-logo221120112-SON.png","width":300,"height":91,"caption":"InDesign Mimarl\u0131k"},"image":{"@id":"https:\/\/www.indesignmimarlik.com\/#\/schema\/logo\/image\/"},"sameAs":["https:\/\/www.facebook.com\/INDESIGNMIMARLIK\/"]}]}},"_links":{"self":[{"href":"https:\/\/www.indesignmimarlik.com\/en\/wp-json\/wp\/v2\/product\/3146","targetHints":{"allow":["GET"]}}],"collection":[{"href":"https:\/\/www.indesignmimarlik.com\/en\/wp-json\/wp\/v2\/product"}],"about":[{"href":"https:\/\/www.indesignmimarlik.com\/en\/wp-json\/wp\/v2\/types\/product"}],"wp:featuredmedia":[{"embeddable":true,"href":"https:\/\/www.indesignmimarlik.com\/en\/wp-json\/wp\/v2\/media\/3147"}],"wp:attachment":[{"href":"https:\/\/www.indesignmimarlik.com\/en\/wp-json\/wp\/v2\/media?parent=3146"}],"wp:term":[{"taxonomy":"product_brand","embeddable":true,"href":"https:\/\/www.indesignmimarlik.com\/en\/wp-json\/wp\/v2\/product_brand?post=3146"},{"taxonomy":"product_cat","embeddable":true,"href":"https:\/\/www.indesignmimarlik.com\/en\/wp-json\/wp\/v2\/product_cat?post=3146"},{"taxonomy":"product_tag","embeddable":true,"href":"https:\/\/www.indesignmimarlik.com\/en\/wp-json\/wp\/v2\/product_tag?post=3146"}],"curies":[{"name":"wp","href":"https:\/\/api.w.org\/{rel}","templated":true}]}}