{"id":3984,"date":"2023-09-06T23:39:57","date_gmt":"2023-09-06T20:39:57","guid":{"rendered":"https:\/\/www.indesignmimarlik.com\/?post_type=product&#038;p=3984"},"modified":"2026-01-30T18:55:49","modified_gmt":"2026-01-30T15:55:49","slug":"fuar-standi-lammons-izmir-mobilya-2022-fuar-stand-tasarimlari","status":"publish","type":"product","link":"https:\/\/www.indesignmimarlik.com\/en\/urun\/fuar-standi-lammons-izmir-mobilya-2022-fuar-stand-tasarimlari\/","title":{"rendered":"FAIR STAND LAMMONS IZMIR FURNITURE 2022"},"content":{"rendered":"","protected":false},"excerpt":{"rendered":"","protected":false},"featured_media":3985,"template":"","meta":[],"product_brand":[],"product_cat":[35],"product_tag":[],"class_list":{"0":"post-3984","1":"product","2":"type-product","3":"status-publish","4":"has-post-thumbnail","6":"product_cat-concept-designs","8":"first","9":"instock","10":"shipping-taxable","11":"product-type-simple"},"yoast_head":"<!-- This site is optimized with the Yoast SEO plugin v27.3 - https:\/\/yoast.com\/product\/yoast-seo-wordpress\/ -->\n<title>FAIR STAND LAMMONS IZMIR FURNITURE 2022 - InDesign Architecture<\/title>\n<meta name=\"robots\" content=\"index, follow, max-snippet:-1, max-image-preview:large, max-video-preview:-1\" \/>\n<link rel=\"canonical\" href=\"https:\/\/www.indesignmimarlik.com\/urun\/fuar-standi-lammons-izmir-mobilya-2022-fuar-stand-tasarimlari\/\" \/>\n<meta property=\"og:locale\" content=\"en_US\" \/>\n<meta property=\"og:type\" content=\"article\" \/>\n<meta property=\"og:title\" content=\"[:tr] LAMMONS FUAR STANDI \u0130ZM\u0130R MOB\u0130LYA 2022[:en]FAIR STAND LAMMONS IZMIR FURNITURE 2022[:] - [:tr]InDesign Mimarl\u0131k[:en]InDesign Architecture[:]\" \/>\n<meta property=\"og:url\" content=\"https:\/\/www.indesignmimarlik.com\/urun\/fuar-standi-lammons-izmir-mobilya-2022-fuar-stand-tasarimlari\/\" \/>\n<meta property=\"og:site_name\" content=\"[:tr]InDesign Mimarl\u0131k[:en]InDesign Architecture[:]\" \/>\n<meta property=\"article:publisher\" content=\"https:\/\/www.facebook.com\/INDESIGNMIMARLIK\/\" \/>\n<meta property=\"article:modified_time\" content=\"2026-01-30T15:55:49+00:00\" \/>\n<meta property=\"og:image\" content=\"https:\/\/www.indesignmimarlik.com\/wp-content\/uploads\/2023\/09\/lammons-fuar-standi-firmalari-istanbul.jpg\" \/>\n\t<meta property=\"og:image:width\" content=\"1920\" \/>\n\t<meta property=\"og:image:height\" content=\"1080\" \/>\n\t<meta property=\"og:image:type\" content=\"image\/jpeg\" \/>\n<meta name=\"twitter:card\" content=\"summary_large_image\" \/>\n<script type=\"application\/ld+json\" class=\"yoast-schema-graph\">{\"@context\":\"https:\\\/\\\/schema.org\",\"@graph\":[{\"@type\":\"WebPage\",\"@id\":\"https:\\\/\\\/www.indesignmimarlik.com\\\/urun\\\/fuar-standi-lammons-izmir-mobilya-2022-fuar-stand-tasarimlari\\\/\",\"url\":\"https:\\\/\\\/www.indesignmimarlik.com\\\/urun\\\/fuar-standi-lammons-izmir-mobilya-2022-fuar-stand-tasarimlari\\\/\",\"name\":\"[:tr] LAMMONS FUAR STANDI \u0130ZM\u0130R MOB\u0130LYA 2022[:en]FAIR STAND LAMMONS IZMIR FURNITURE 2022[:] - [:tr]InDesign Mimarl\u0131k[:en]InDesign Architecture[:]\",\"isPartOf\":{\"@id\":\"https:\\\/\\\/www.indesignmimarlik.com\\\/#website\"},\"primaryImageOfPage\":{\"@id\":\"https:\\\/\\\/www.indesignmimarlik.com\\\/urun\\\/fuar-standi-lammons-izmir-mobilya-2022-fuar-stand-tasarimlari\\\/#primaryimage\"},\"image\":{\"@id\":\"https:\\\/\\\/www.indesignmimarlik.com\\\/urun\\\/fuar-standi-lammons-izmir-mobilya-2022-fuar-stand-tasarimlari\\\/#primaryimage\"},\"thumbnailUrl\":\"https:\\\/\\\/www.indesignmimarlik.com\\\/wp-content\\\/uploads\\\/2023\\\/09\\\/lammons-fuar-standi-firmalari-istanbul.jpg\",\"datePublished\":\"2023-09-06T20:39:57+00:00\",\"dateModified\":\"2026-01-30T15:55:49+00:00\",\"breadcrumb\":{\"@id\":\"https:\\\/\\\/www.indesignmimarlik.com\\\/urun\\\/fuar-standi-lammons-izmir-mobilya-2022-fuar-stand-tasarimlari\\\/#breadcrumb\"},\"inLanguage\":\"en-US\",\"potentialAction\":[{\"@type\":\"ReadAction\",\"target\":[\"https:\\\/\\\/www.indesignmimarlik.com\\\/urun\\\/fuar-standi-lammons-izmir-mobilya-2022-fuar-stand-tasarimlari\\\/\"]}]},{\"@type\":\"ImageObject\",\"inLanguage\":\"en-US\",\"@id\":\"https:\\\/\\\/www.indesignmimarlik.com\\\/urun\\\/fuar-standi-lammons-izmir-mobilya-2022-fuar-stand-tasarimlari\\\/#primaryimage\",\"url\":\"https:\\\/\\\/www.indesignmimarlik.com\\\/wp-content\\\/uploads\\\/2023\\\/09\\\/lammons-fuar-standi-firmalari-istanbul.jpg\",\"contentUrl\":\"https:\\\/\\\/www.indesignmimarlik.com\\\/wp-content\\\/uploads\\\/2023\\\/09\\\/lammons-fuar-standi-firmalari-istanbul.jpg\",\"width\":1920,\"height\":1080},{\"@type\":\"BreadcrumbList\",\"@id\":\"https:\\\/\\\/www.indesignmimarlik.com\\\/urun\\\/fuar-standi-lammons-izmir-mobilya-2022-fuar-stand-tasarimlari\\\/#breadcrumb\",\"itemListElement\":[{\"@type\":\"ListItem\",\"position\":1,\"name\":\"Anasayfa\",\"item\":\"https:\\\/\\\/www.indesignmimarlik.com\\\/\"},{\"@type\":\"ListItem\",\"position\":2,\"name\":\"\u00dcr\u00fcnler\",\"item\":\"https:\\\/\\\/www.indesignmimarlik.com\\\/shop\\\/\"},{\"@type\":\"ListItem\",\"position\":3,\"name\":\"LAMMONS FUAR STANDI \u0130ZM\u0130R MOB\u0130LYA 2022\"}]},{\"@type\":\"WebSite\",\"@id\":\"https:\\\/\\\/www.indesignmimarlik.com\\\/#website\",\"url\":\"https:\\\/\\\/www.indesignmimarlik.com\\\/\",\"name\":\"InDesign Mimarl\u0131k\",\"description\":\"Fuar Stand firmalar\u0131 | Fuar Stand fiyatlar\u0131 |  Fuar Stand\u0131 Yapan firmalar istanbul | Fuar Stand Tasar\u0131mlar\u0131 | Fuar Stand\u0131 kiralama | Mod\u00fcler Fuar stand\u0131 | Stand \u00fcretimi yapan firmalar\",\"publisher\":{\"@id\":\"https:\\\/\\\/www.indesignmimarlik.com\\\/#organization\"},\"potentialAction\":[{\"@type\":\"SearchAction\",\"target\":{\"@type\":\"EntryPoint\",\"urlTemplate\":\"https:\\\/\\\/www.indesignmimarlik.com\\\/?s={search_term_string}\"},\"query-input\":{\"@type\":\"PropertyValueSpecification\",\"valueRequired\":true,\"valueName\":\"search_term_string\"}}],\"inLanguage\":\"en-US\"},{\"@type\":\"Organization\",\"@id\":\"https:\\\/\\\/www.indesignmimarlik.com\\\/#organization\",\"name\":\"InDesign Mimarl\u0131k\",\"url\":\"https:\\\/\\\/www.indesignmimarlik.com\\\/\",\"logo\":{\"@type\":\"ImageObject\",\"inLanguage\":\"en-US\",\"@id\":\"https:\\\/\\\/www.indesignmimarlik.com\\\/#\\\/schema\\\/logo\\\/image\\\/\",\"url\":\"https:\\\/\\\/www.indesignmimarlik.com\\\/wp-content\\\/uploads\\\/2020\\\/06\\\/indesign-mimarlik-logo221120112-SON.png\",\"contentUrl\":\"https:\\\/\\\/www.indesignmimarlik.com\\\/wp-content\\\/uploads\\\/2020\\\/06\\\/indesign-mimarlik-logo221120112-SON.png\",\"width\":300,\"height\":91,\"caption\":\"InDesign Mimarl\u0131k\"},\"image\":{\"@id\":\"https:\\\/\\\/www.indesignmimarlik.com\\\/#\\\/schema\\\/logo\\\/image\\\/\"},\"sameAs\":[\"https:\\\/\\\/www.facebook.com\\\/INDESIGNMIMARLIK\\\/\"]}]}<\/script>\n<!-- \/ Yoast SEO plugin. -->","yoast_head_json":{"title":"[:tr] LAMMONS FUAR STANDI \u0130ZM\u0130R MOB\u0130LYA 2022[:en]FAIR STAND LAMMONS IZMIR FURNITURE 2022[:] - [:tr]InDesign Mimarl\u0131k[:en]InDesign Architecture[:]","robots":{"index":"index","follow":"follow","max-snippet":"max-snippet:-1","max-image-preview":"max-image-preview:large","max-video-preview":"max-video-preview:-1"},"canonical":"https:\/\/www.indesignmimarlik.com\/urun\/fuar-standi-lammons-izmir-mobilya-2022-fuar-stand-tasarimlari\/","og_locale":"en_US","og_type":"article","og_title":"[:tr] LAMMONS FUAR STANDI \u0130ZM\u0130R MOB\u0130LYA 2022[:en]FAIR STAND LAMMONS IZMIR FURNITURE 2022[:] - [:tr]InDesign Mimarl\u0131k[:en]InDesign Architecture[:]","og_url":"https:\/\/www.indesignmimarlik.com\/urun\/fuar-standi-lammons-izmir-mobilya-2022-fuar-stand-tasarimlari\/","og_site_name":"[:tr]InDesign Mimarl\u0131k[:en]InDesign Architecture[:]","article_publisher":"https:\/\/www.facebook.com\/INDESIGNMIMARLIK\/","article_modified_time":"2026-01-30T15:55:49+00:00","og_image":[{"width":1920,"height":1080,"url":"https:\/\/www.indesignmimarlik.com\/wp-content\/uploads\/2023\/09\/lammons-fuar-standi-firmalari-istanbul.jpg","type":"image\/jpeg"}],"twitter_card":"summary_large_image","schema":{"@context":"https:\/\/schema.org","@graph":[{"@type":"WebPage","@id":"https:\/\/www.indesignmimarlik.com\/urun\/fuar-standi-lammons-izmir-mobilya-2022-fuar-stand-tasarimlari\/","url":"https:\/\/www.indesignmimarlik.com\/urun\/fuar-standi-lammons-izmir-mobilya-2022-fuar-stand-tasarimlari\/","name":"[:tr] LAMMONS FUAR STANDI \u0130ZM\u0130R MOB\u0130LYA 2022[:en]FAIR STAND LAMMONS IZMIR FURNITURE 2022[:] - [:tr]InDesign Mimarl\u0131k[:en]InDesign Architecture[:]","isPartOf":{"@id":"https:\/\/www.indesignmimarlik.com\/#website"},"primaryImageOfPage":{"@id":"https:\/\/www.indesignmimarlik.com\/urun\/fuar-standi-lammons-izmir-mobilya-2022-fuar-stand-tasarimlari\/#primaryimage"},"image":{"@id":"https:\/\/www.indesignmimarlik.com\/urun\/fuar-standi-lammons-izmir-mobilya-2022-fuar-stand-tasarimlari\/#primaryimage"},"thumbnailUrl":"https:\/\/www.indesignmimarlik.com\/wp-content\/uploads\/2023\/09\/lammons-fuar-standi-firmalari-istanbul.jpg","datePublished":"2023-09-06T20:39:57+00:00","dateModified":"2026-01-30T15:55:49+00:00","breadcrumb":{"@id":"https:\/\/www.indesignmimarlik.com\/urun\/fuar-standi-lammons-izmir-mobilya-2022-fuar-stand-tasarimlari\/#breadcrumb"},"inLanguage":"en-US","potentialAction":[{"@type":"ReadAction","target":["https:\/\/www.indesignmimarlik.com\/urun\/fuar-standi-lammons-izmir-mobilya-2022-fuar-stand-tasarimlari\/"]}]},{"@type":"ImageObject","inLanguage":"en-US","@id":"https:\/\/www.indesignmimarlik.com\/urun\/fuar-standi-lammons-izmir-mobilya-2022-fuar-stand-tasarimlari\/#primaryimage","url":"https:\/\/www.indesignmimarlik.com\/wp-content\/uploads\/2023\/09\/lammons-fuar-standi-firmalari-istanbul.jpg","contentUrl":"https:\/\/www.indesignmimarlik.com\/wp-content\/uploads\/2023\/09\/lammons-fuar-standi-firmalari-istanbul.jpg","width":1920,"height":1080},{"@type":"BreadcrumbList","@id":"https:\/\/www.indesignmimarlik.com\/urun\/fuar-standi-lammons-izmir-mobilya-2022-fuar-stand-tasarimlari\/#breadcrumb","itemListElement":[{"@type":"ListItem","position":1,"name":"Anasayfa","item":"https:\/\/www.indesignmimarlik.com\/"},{"@type":"ListItem","position":2,"name":"\u00dcr\u00fcnler","item":"https:\/\/www.indesignmimarlik.com\/shop\/"},{"@type":"ListItem","position":3,"name":"LAMMONS FUAR STANDI \u0130ZM\u0130R MOB\u0130LYA 2022"}]},{"@type":"WebSite","@id":"https:\/\/www.indesignmimarlik.com\/#website","url":"https:\/\/www.indesignmimarlik.com\/","name":"InDesign Mimarl\u0131k","description":"Fuar Stand firmalar\u0131 | Fuar Stand fiyatlar\u0131 |  Fuar Stand\u0131 Yapan firmalar istanbul | Fuar Stand Tasar\u0131mlar\u0131 | Fuar Stand\u0131 kiralama | Mod\u00fcler Fuar stand\u0131 | Stand \u00fcretimi yapan firmalar","publisher":{"@id":"https:\/\/www.indesignmimarlik.com\/#organization"},"potentialAction":[{"@type":"SearchAction","target":{"@type":"EntryPoint","urlTemplate":"https:\/\/www.indesignmimarlik.com\/?s={search_term_string}"},"query-input":{"@type":"PropertyValueSpecification","valueRequired":true,"valueName":"search_term_string"}}],"inLanguage":"en-US"},{"@type":"Organization","@id":"https:\/\/www.indesignmimarlik.com\/#organization","name":"InDesign Mimarl\u0131k","url":"https:\/\/www.indesignmimarlik.com\/","logo":{"@type":"ImageObject","inLanguage":"en-US","@id":"https:\/\/www.indesignmimarlik.com\/#\/schema\/logo\/image\/","url":"https:\/\/www.indesignmimarlik.com\/wp-content\/uploads\/2020\/06\/indesign-mimarlik-logo221120112-SON.png","contentUrl":"https:\/\/www.indesignmimarlik.com\/wp-content\/uploads\/2020\/06\/indesign-mimarlik-logo221120112-SON.png","width":300,"height":91,"caption":"InDesign Mimarl\u0131k"},"image":{"@id":"https:\/\/www.indesignmimarlik.com\/#\/schema\/logo\/image\/"},"sameAs":["https:\/\/www.facebook.com\/INDESIGNMIMARLIK\/"]}]}},"_links":{"self":[{"href":"https:\/\/www.indesignmimarlik.com\/en\/wp-json\/wp\/v2\/product\/3984","targetHints":{"allow":["GET"]}}],"collection":[{"href":"https:\/\/www.indesignmimarlik.com\/en\/wp-json\/wp\/v2\/product"}],"about":[{"href":"https:\/\/www.indesignmimarlik.com\/en\/wp-json\/wp\/v2\/types\/product"}],"wp:featuredmedia":[{"embeddable":true,"href":"https:\/\/www.indesignmimarlik.com\/en\/wp-json\/wp\/v2\/media\/3985"}],"wp:attachment":[{"href":"https:\/\/www.indesignmimarlik.com\/en\/wp-json\/wp\/v2\/media?parent=3984"}],"wp:term":[{"taxonomy":"product_brand","embeddable":true,"href":"https:\/\/www.indesignmimarlik.com\/en\/wp-json\/wp\/v2\/product_brand?post=3984"},{"taxonomy":"product_cat","embeddable":true,"href":"https:\/\/www.indesignmimarlik.com\/en\/wp-json\/wp\/v2\/product_cat?post=3984"},{"taxonomy":"product_tag","embeddable":true,"href":"https:\/\/www.indesignmimarlik.com\/en\/wp-json\/wp\/v2\/product_tag?post=3984"}],"curies":[{"name":"wp","href":"https:\/\/api.w.org\/{rel}","templated":true}]}}