{"id":4421,"date":"2025-06-16T23:17:34","date_gmt":"2025-06-16T20:17:34","guid":{"rendered":"https:\/\/www.indesignmimarlik.com\/?post_type=product&#038;p=4421"},"modified":"2026-01-30T18:34:46","modified_gmt":"2026-01-30T15:34:46","slug":"ticaret-bakanligi-gumruk-muhafaza-idef2023-fuar-standi","status":"publish","type":"product","link":"https:\/\/www.indesignmimarlik.com\/en\/urun\/ticaret-bakanligi-gumruk-muhafaza-idef2023-fuar-standi\/","title":{"rendered":"(Turkish) Ticaret Bakanl\u0131\u011f\u0131 fuar stand\u0131 G\u00fcmr\u00fck muhafaza \u0130DEF&#8217;2023"},"content":{"rendered":"","protected":false},"excerpt":{"rendered":"<p class=\"qtranxs-available-languages-message qtranxs-available-languages-message-en\">Sorry, this entry is only available in <a href=\"https:\/\/www.indesignmimarlik.com\/tr\/wp-json\/wp\/v2\/product\/4421\" class=\"qtranxs-available-language-link qtranxs-available-language-link-tr\" title=\"Turkish\">Turkish<\/a>.<\/p>\n","protected":false},"featured_media":4422,"template":"","meta":[],"product_brand":[],"product_cat":[32],"product_tag":[155],"class_list":{"0":"post-4421","1":"product","2":"type-product","3":"status-publish","4":"has-post-thumbnail","6":"product_cat-wooden-fair-stands","7":"product_tag-ticaret-bakanligi-standi","9":"first","10":"instock","11":"shipping-taxable","12":"product-type-simple"},"yoast_head":"<!-- This site is optimized with the Yoast SEO plugin v27.3 - https:\/\/yoast.com\/product\/yoast-seo-wordpress\/ -->\n<title>- InDesign Architecture<\/title>\n<meta name=\"robots\" content=\"index, follow, max-snippet:-1, max-image-preview:large, max-video-preview:-1\" \/>\n<link rel=\"canonical\" href=\"https:\/\/www.indesignmimarlik.com\/urun\/ticaret-bakanligi-gumruk-muhafaza-idef2023-fuar-standi\/\" \/>\n<meta property=\"og:locale\" content=\"en_US\" \/>\n<meta property=\"og:type\" content=\"article\" \/>\n<meta property=\"og:title\" content=\"[:tr]Ticaret Bakanl\u0131\u011f\u0131 fuar stand\u0131 G\u00fcmr\u00fck muhafaza \u0130DEF&#039;2023[:] - [:tr]InDesign Mimarl\u0131k[:en]InDesign Architecture[:]\" \/>\n<meta property=\"og:description\" content=\"[:tr]idef 2023 t\u00fcyap fuar\u0131nda g\u00fcmr\u00fck muhafaza m\u00fcd\u00fcrl\u00fc\u011f\u00fc stand\u0131.[:]\" \/>\n<meta property=\"og:url\" content=\"https:\/\/www.indesignmimarlik.com\/urun\/ticaret-bakanligi-gumruk-muhafaza-idef2023-fuar-standi\/\" \/>\n<meta property=\"og:site_name\" content=\"[:tr]InDesign Mimarl\u0131k[:en]InDesign Architecture[:]\" \/>\n<meta property=\"article:publisher\" content=\"https:\/\/www.facebook.com\/INDESIGNMIMARLIK\/\" \/>\n<meta property=\"article:modified_time\" content=\"2026-01-30T15:34:46+00:00\" \/>\n<meta property=\"og:image\" content=\"https:\/\/www.indesignmimarlik.com\/wp-content\/uploads\/2025\/06\/Fuar-Standi-yapan-firmalar.jpeg\" \/>\n\t<meta property=\"og:image:width\" content=\"1134\" \/>\n\t<meta property=\"og:image:height\" content=\"850\" \/>\n\t<meta property=\"og:image:type\" content=\"image\/jpeg\" \/>\n<meta name=\"twitter:card\" content=\"summary_large_image\" \/>\n<script type=\"application\/ld+json\" class=\"yoast-schema-graph\">{\"@context\":\"https:\\\/\\\/schema.org\",\"@graph\":[{\"@type\":\"WebPage\",\"@id\":\"https:\\\/\\\/www.indesignmimarlik.com\\\/urun\\\/ticaret-bakanligi-gumruk-muhafaza-idef2023-fuar-standi\\\/\",\"url\":\"https:\\\/\\\/www.indesignmimarlik.com\\\/urun\\\/ticaret-bakanligi-gumruk-muhafaza-idef2023-fuar-standi\\\/\",\"name\":\"[:tr]Ticaret Bakanl\u0131\u011f\u0131 fuar stand\u0131 G\u00fcmr\u00fck muhafaza \u0130DEF'2023[:] - [:tr]InDesign Mimarl\u0131k[:en]InDesign Architecture[:]\",\"isPartOf\":{\"@id\":\"https:\\\/\\\/www.indesignmimarlik.com\\\/#website\"},\"primaryImageOfPage\":{\"@id\":\"https:\\\/\\\/www.indesignmimarlik.com\\\/urun\\\/ticaret-bakanligi-gumruk-muhafaza-idef2023-fuar-standi\\\/#primaryimage\"},\"image\":{\"@id\":\"https:\\\/\\\/www.indesignmimarlik.com\\\/urun\\\/ticaret-bakanligi-gumruk-muhafaza-idef2023-fuar-standi\\\/#primaryimage\"},\"thumbnailUrl\":\"https:\\\/\\\/www.indesignmimarlik.com\\\/wp-content\\\/uploads\\\/2025\\\/06\\\/Fuar-Standi-yapan-firmalar.jpeg\",\"datePublished\":\"2025-06-16T20:17:34+00:00\",\"dateModified\":\"2026-01-30T15:34:46+00:00\",\"breadcrumb\":{\"@id\":\"https:\\\/\\\/www.indesignmimarlik.com\\\/urun\\\/ticaret-bakanligi-gumruk-muhafaza-idef2023-fuar-standi\\\/#breadcrumb\"},\"inLanguage\":\"en-US\",\"potentialAction\":[{\"@type\":\"ReadAction\",\"target\":[\"https:\\\/\\\/www.indesignmimarlik.com\\\/urun\\\/ticaret-bakanligi-gumruk-muhafaza-idef2023-fuar-standi\\\/\"]}]},{\"@type\":\"ImageObject\",\"inLanguage\":\"en-US\",\"@id\":\"https:\\\/\\\/www.indesignmimarlik.com\\\/urun\\\/ticaret-bakanligi-gumruk-muhafaza-idef2023-fuar-standi\\\/#primaryimage\",\"url\":\"https:\\\/\\\/www.indesignmimarlik.com\\\/wp-content\\\/uploads\\\/2025\\\/06\\\/Fuar-Standi-yapan-firmalar.jpeg\",\"contentUrl\":\"https:\\\/\\\/www.indesignmimarlik.com\\\/wp-content\\\/uploads\\\/2025\\\/06\\\/Fuar-Standi-yapan-firmalar.jpeg\",\"width\":1134,\"height\":850},{\"@type\":\"BreadcrumbList\",\"@id\":\"https:\\\/\\\/www.indesignmimarlik.com\\\/urun\\\/ticaret-bakanligi-gumruk-muhafaza-idef2023-fuar-standi\\\/#breadcrumb\",\"itemListElement\":[{\"@type\":\"ListItem\",\"position\":1,\"name\":\"Anasayfa\",\"item\":\"https:\\\/\\\/www.indesignmimarlik.com\\\/\"},{\"@type\":\"ListItem\",\"position\":2,\"name\":\"\u00dcr\u00fcnler\",\"item\":\"https:\\\/\\\/www.indesignmimarlik.com\\\/shop\\\/\"},{\"@type\":\"ListItem\",\"position\":3,\"name\":\"Ticaret Bakanl\u0131\u011f\u0131 fuar stand\u0131 G\u00fcmr\u00fck muhafaza \u0130DEF&#8217;2023\"}]},{\"@type\":\"WebSite\",\"@id\":\"https:\\\/\\\/www.indesignmimarlik.com\\\/#website\",\"url\":\"https:\\\/\\\/www.indesignmimarlik.com\\\/\",\"name\":\"InDesign Mimarl\u0131k\",\"description\":\"Fuar Stand firmalar\u0131 | Fuar Stand fiyatlar\u0131 |  Fuar Stand\u0131 Yapan firmalar istanbul | Fuar Stand Tasar\u0131mlar\u0131 | Fuar Stand\u0131 kiralama | Mod\u00fcler Fuar stand\u0131 | Stand \u00fcretimi yapan firmalar\",\"publisher\":{\"@id\":\"https:\\\/\\\/www.indesignmimarlik.com\\\/#organization\"},\"potentialAction\":[{\"@type\":\"SearchAction\",\"target\":{\"@type\":\"EntryPoint\",\"urlTemplate\":\"https:\\\/\\\/www.indesignmimarlik.com\\\/?s={search_term_string}\"},\"query-input\":{\"@type\":\"PropertyValueSpecification\",\"valueRequired\":true,\"valueName\":\"search_term_string\"}}],\"inLanguage\":\"en-US\"},{\"@type\":\"Organization\",\"@id\":\"https:\\\/\\\/www.indesignmimarlik.com\\\/#organization\",\"name\":\"InDesign Mimarl\u0131k\",\"url\":\"https:\\\/\\\/www.indesignmimarlik.com\\\/\",\"logo\":{\"@type\":\"ImageObject\",\"inLanguage\":\"en-US\",\"@id\":\"https:\\\/\\\/www.indesignmimarlik.com\\\/#\\\/schema\\\/logo\\\/image\\\/\",\"url\":\"https:\\\/\\\/www.indesignmimarlik.com\\\/wp-content\\\/uploads\\\/2020\\\/06\\\/indesign-mimarlik-logo221120112-SON.png\",\"contentUrl\":\"https:\\\/\\\/www.indesignmimarlik.com\\\/wp-content\\\/uploads\\\/2020\\\/06\\\/indesign-mimarlik-logo221120112-SON.png\",\"width\":300,\"height\":91,\"caption\":\"InDesign Mimarl\u0131k\"},\"image\":{\"@id\":\"https:\\\/\\\/www.indesignmimarlik.com\\\/#\\\/schema\\\/logo\\\/image\\\/\"},\"sameAs\":[\"https:\\\/\\\/www.facebook.com\\\/INDESIGNMIMARLIK\\\/\"]}]}<\/script>\n<!-- \/ Yoast SEO plugin. -->","yoast_head_json":{"title":"[:tr]Ticaret Bakanl\u0131\u011f\u0131 fuar stand\u0131 G\u00fcmr\u00fck muhafaza \u0130DEF'2023[:] - [:tr]InDesign Mimarl\u0131k[:en]InDesign Architecture[:]","robots":{"index":"index","follow":"follow","max-snippet":"max-snippet:-1","max-image-preview":"max-image-preview:large","max-video-preview":"max-video-preview:-1"},"canonical":"https:\/\/www.indesignmimarlik.com\/urun\/ticaret-bakanligi-gumruk-muhafaza-idef2023-fuar-standi\/","og_locale":"en_US","og_type":"article","og_title":"[:tr]Ticaret Bakanl\u0131\u011f\u0131 fuar stand\u0131 G\u00fcmr\u00fck muhafaza \u0130DEF'2023[:] - [:tr]InDesign Mimarl\u0131k[:en]InDesign Architecture[:]","og_description":"[:tr]idef 2023 t\u00fcyap fuar\u0131nda g\u00fcmr\u00fck muhafaza m\u00fcd\u00fcrl\u00fc\u011f\u00fc stand\u0131.[:]","og_url":"https:\/\/www.indesignmimarlik.com\/urun\/ticaret-bakanligi-gumruk-muhafaza-idef2023-fuar-standi\/","og_site_name":"[:tr]InDesign Mimarl\u0131k[:en]InDesign Architecture[:]","article_publisher":"https:\/\/www.facebook.com\/INDESIGNMIMARLIK\/","article_modified_time":"2026-01-30T15:34:46+00:00","og_image":[{"width":1134,"height":850,"url":"https:\/\/www.indesignmimarlik.com\/wp-content\/uploads\/2025\/06\/Fuar-Standi-yapan-firmalar.jpeg","type":"image\/jpeg"}],"twitter_card":"summary_large_image","schema":{"@context":"https:\/\/schema.org","@graph":[{"@type":"WebPage","@id":"https:\/\/www.indesignmimarlik.com\/urun\/ticaret-bakanligi-gumruk-muhafaza-idef2023-fuar-standi\/","url":"https:\/\/www.indesignmimarlik.com\/urun\/ticaret-bakanligi-gumruk-muhafaza-idef2023-fuar-standi\/","name":"[:tr]Ticaret Bakanl\u0131\u011f\u0131 fuar stand\u0131 G\u00fcmr\u00fck muhafaza \u0130DEF'2023[:] - [:tr]InDesign Mimarl\u0131k[:en]InDesign Architecture[:]","isPartOf":{"@id":"https:\/\/www.indesignmimarlik.com\/#website"},"primaryImageOfPage":{"@id":"https:\/\/www.indesignmimarlik.com\/urun\/ticaret-bakanligi-gumruk-muhafaza-idef2023-fuar-standi\/#primaryimage"},"image":{"@id":"https:\/\/www.indesignmimarlik.com\/urun\/ticaret-bakanligi-gumruk-muhafaza-idef2023-fuar-standi\/#primaryimage"},"thumbnailUrl":"https:\/\/www.indesignmimarlik.com\/wp-content\/uploads\/2025\/06\/Fuar-Standi-yapan-firmalar.jpeg","datePublished":"2025-06-16T20:17:34+00:00","dateModified":"2026-01-30T15:34:46+00:00","breadcrumb":{"@id":"https:\/\/www.indesignmimarlik.com\/urun\/ticaret-bakanligi-gumruk-muhafaza-idef2023-fuar-standi\/#breadcrumb"},"inLanguage":"en-US","potentialAction":[{"@type":"ReadAction","target":["https:\/\/www.indesignmimarlik.com\/urun\/ticaret-bakanligi-gumruk-muhafaza-idef2023-fuar-standi\/"]}]},{"@type":"ImageObject","inLanguage":"en-US","@id":"https:\/\/www.indesignmimarlik.com\/urun\/ticaret-bakanligi-gumruk-muhafaza-idef2023-fuar-standi\/#primaryimage","url":"https:\/\/www.indesignmimarlik.com\/wp-content\/uploads\/2025\/06\/Fuar-Standi-yapan-firmalar.jpeg","contentUrl":"https:\/\/www.indesignmimarlik.com\/wp-content\/uploads\/2025\/06\/Fuar-Standi-yapan-firmalar.jpeg","width":1134,"height":850},{"@type":"BreadcrumbList","@id":"https:\/\/www.indesignmimarlik.com\/urun\/ticaret-bakanligi-gumruk-muhafaza-idef2023-fuar-standi\/#breadcrumb","itemListElement":[{"@type":"ListItem","position":1,"name":"Anasayfa","item":"https:\/\/www.indesignmimarlik.com\/"},{"@type":"ListItem","position":2,"name":"\u00dcr\u00fcnler","item":"https:\/\/www.indesignmimarlik.com\/shop\/"},{"@type":"ListItem","position":3,"name":"Ticaret Bakanl\u0131\u011f\u0131 fuar stand\u0131 G\u00fcmr\u00fck muhafaza \u0130DEF&#8217;2023"}]},{"@type":"WebSite","@id":"https:\/\/www.indesignmimarlik.com\/#website","url":"https:\/\/www.indesignmimarlik.com\/","name":"InDesign Mimarl\u0131k","description":"Fuar Stand firmalar\u0131 | Fuar Stand fiyatlar\u0131 |  Fuar Stand\u0131 Yapan firmalar istanbul | Fuar Stand Tasar\u0131mlar\u0131 | Fuar Stand\u0131 kiralama | Mod\u00fcler Fuar stand\u0131 | Stand \u00fcretimi yapan firmalar","publisher":{"@id":"https:\/\/www.indesignmimarlik.com\/#organization"},"potentialAction":[{"@type":"SearchAction","target":{"@type":"EntryPoint","urlTemplate":"https:\/\/www.indesignmimarlik.com\/?s={search_term_string}"},"query-input":{"@type":"PropertyValueSpecification","valueRequired":true,"valueName":"search_term_string"}}],"inLanguage":"en-US"},{"@type":"Organization","@id":"https:\/\/www.indesignmimarlik.com\/#organization","name":"InDesign Mimarl\u0131k","url":"https:\/\/www.indesignmimarlik.com\/","logo":{"@type":"ImageObject","inLanguage":"en-US","@id":"https:\/\/www.indesignmimarlik.com\/#\/schema\/logo\/image\/","url":"https:\/\/www.indesignmimarlik.com\/wp-content\/uploads\/2020\/06\/indesign-mimarlik-logo221120112-SON.png","contentUrl":"https:\/\/www.indesignmimarlik.com\/wp-content\/uploads\/2020\/06\/indesign-mimarlik-logo221120112-SON.png","width":300,"height":91,"caption":"InDesign Mimarl\u0131k"},"image":{"@id":"https:\/\/www.indesignmimarlik.com\/#\/schema\/logo\/image\/"},"sameAs":["https:\/\/www.facebook.com\/INDESIGNMIMARLIK\/"]}]}},"_links":{"self":[{"href":"https:\/\/www.indesignmimarlik.com\/en\/wp-json\/wp\/v2\/product\/4421","targetHints":{"allow":["GET"]}}],"collection":[{"href":"https:\/\/www.indesignmimarlik.com\/en\/wp-json\/wp\/v2\/product"}],"about":[{"href":"https:\/\/www.indesignmimarlik.com\/en\/wp-json\/wp\/v2\/types\/product"}],"wp:featuredmedia":[{"embeddable":true,"href":"https:\/\/www.indesignmimarlik.com\/en\/wp-json\/wp\/v2\/media\/4422"}],"wp:attachment":[{"href":"https:\/\/www.indesignmimarlik.com\/en\/wp-json\/wp\/v2\/media?parent=4421"}],"wp:term":[{"taxonomy":"product_brand","embeddable":true,"href":"https:\/\/www.indesignmimarlik.com\/en\/wp-json\/wp\/v2\/product_brand?post=4421"},{"taxonomy":"product_cat","embeddable":true,"href":"https:\/\/www.indesignmimarlik.com\/en\/wp-json\/wp\/v2\/product_cat?post=4421"},{"taxonomy":"product_tag","embeddable":true,"href":"https:\/\/www.indesignmimarlik.com\/en\/wp-json\/wp\/v2\/product_tag?post=4421"}],"curies":[{"name":"wp","href":"https:\/\/api.w.org\/{rel}","templated":true}]}}