{"id":5032,"date":"2026-02-15T21:56:47","date_gmt":"2026-02-15T18:56:47","guid":{"rendered":"https:\/\/www.indesignmimarlik.com\/?post_type=product&#038;p=5032"},"modified":"2026-02-22T01:55:11","modified_gmt":"2026-02-21T22:55:11","slug":"varitex-fuar-standi-expomed25-tuyap-fuarlari","status":"publish","type":"product","link":"https:\/\/www.indesignmimarlik.com\/en\/urun\/varitex-fuar-standi-expomed25-tuyap-fuarlari\/","title":{"rendered":"(Turkish) Variteks Fuar Stand\u0131 | Expomed&#8217;25 T\u00fcyap fuarlar\u0131"},"content":{"rendered":"","protected":false},"excerpt":{"rendered":"<p class=\"qtranxs-available-languages-message qtranxs-available-languages-message-en\">Sorry, this entry is only available in <a href=\"https:\/\/www.indesignmimarlik.com\/tr\/wp-json\/wp\/v2\/product\/5032\" class=\"qtranxs-available-language-link qtranxs-available-language-link-tr\" title=\"Turkish\">Turkish<\/a>.<\/p>\n","protected":false},"featured_media":5033,"template":"","meta":[],"product_brand":[],"product_cat":[164,33,32],"product_tag":[],"class_list":{"0":"post-5032","1":"product","2":"type-product","3":"status-publish","4":"has-post-thumbnail","6":"product_cat-fuar-stand-tasarimlari-concept-designs","7":"product_cat-fair-stands","8":"product_cat-wooden-fair-stands","10":"first","11":"instock","12":"shipping-taxable","13":"product-type-simple"},"_links":{"self":[{"href":"https:\/\/www.indesignmimarlik.com\/en\/wp-json\/wp\/v2\/product\/5032","targetHints":{"allow":["GET"]}}],"collection":[{"href":"https:\/\/www.indesignmimarlik.com\/en\/wp-json\/wp\/v2\/product"}],"about":[{"href":"https:\/\/www.indesignmimarlik.com\/en\/wp-json\/wp\/v2\/types\/product"}],"wp:featuredmedia":[{"embeddable":true,"href":"https:\/\/www.indesignmimarlik.com\/en\/wp-json\/wp\/v2\/media\/5033"}],"wp:attachment":[{"href":"https:\/\/www.indesignmimarlik.com\/en\/wp-json\/wp\/v2\/media?parent=5032"}],"wp:term":[{"taxonomy":"product_brand","embeddable":true,"href":"https:\/\/www.indesignmimarlik.com\/en\/wp-json\/wp\/v2\/product_brand?post=5032"},{"taxonomy":"product_cat","embeddable":true,"href":"https:\/\/www.indesignmimarlik.com\/en\/wp-json\/wp\/v2\/product_cat?post=5032"},{"taxonomy":"product_tag","embeddable":true,"href":"https:\/\/www.indesignmimarlik.com\/en\/wp-json\/wp\/v2\/product_tag?post=5032"}],"curies":[{"name":"wp","href":"https:\/\/api.w.org\/{rel}","templated":true}]}}