{"id":5076,"date":"2026-02-16T22:15:45","date_gmt":"2026-02-16T19:15:45","guid":{"rendered":"https:\/\/www.indesignmimarlik.com\/?post_type=product&#038;p=5076"},"modified":"2026-02-16T22:15:45","modified_gmt":"2026-02-16T19:15:45","slug":"form-mhi-isi-sistemleri-fuar-standi-sodex25-ifm-fuarlari","status":"publish","type":"product","link":"https:\/\/www.indesignmimarlik.com\/en\/urun\/form-mhi-isi-sistemleri-fuar-standi-sodex25-ifm-fuarlari\/","title":{"rendered":"(Turkish) Form Mh\u0131 Is\u0131 sistemleri Fuar stand\u0131 | Sodex&#8217;25 \u0130fm fuarlar\u0131"},"content":{"rendered":"","protected":false},"excerpt":{"rendered":"<p class=\"qtranxs-available-languages-message qtranxs-available-languages-message-en\">Sorry, this entry is only available in <a href=\"https:\/\/www.indesignmimarlik.com\/tr\/wp-json\/wp\/v2\/product\/5076\" class=\"qtranxs-available-language-link qtranxs-available-language-link-tr\" title=\"Turkish\">Turkish<\/a>.<\/p>\n","protected":false},"featured_media":5077,"template":"","meta":[],"product_brand":[],"product_cat":[164,35],"product_tag":[],"class_list":{"0":"post-5076","1":"product","2":"type-product","3":"status-publish","4":"has-post-thumbnail","6":"product_cat-fuar-stand-tasarimlari-concept-designs","7":"product_cat-concept-designs","9":"first","10":"instock","11":"shipping-taxable","12":"product-type-simple"},"_links":{"self":[{"href":"https:\/\/www.indesignmimarlik.com\/en\/wp-json\/wp\/v2\/product\/5076","targetHints":{"allow":["GET"]}}],"collection":[{"href":"https:\/\/www.indesignmimarlik.com\/en\/wp-json\/wp\/v2\/product"}],"about":[{"href":"https:\/\/www.indesignmimarlik.com\/en\/wp-json\/wp\/v2\/types\/product"}],"wp:featuredmedia":[{"embeddable":true,"href":"https:\/\/www.indesignmimarlik.com\/en\/wp-json\/wp\/v2\/media\/5077"}],"wp:attachment":[{"href":"https:\/\/www.indesignmimarlik.com\/en\/wp-json\/wp\/v2\/media?parent=5076"}],"wp:term":[{"taxonomy":"product_brand","embeddable":true,"href":"https:\/\/www.indesignmimarlik.com\/en\/wp-json\/wp\/v2\/product_brand?post=5076"},{"taxonomy":"product_cat","embeddable":true,"href":"https:\/\/www.indesignmimarlik.com\/en\/wp-json\/wp\/v2\/product_cat?post=5076"},{"taxonomy":"product_tag","embeddable":true,"href":"https:\/\/www.indesignmimarlik.com\/en\/wp-json\/wp\/v2\/product_tag?post=5076"}],"curies":[{"name":"wp","href":"https:\/\/api.w.org\/{rel}","templated":true}]}}