{"id":969,"date":"2020-06-06T12:31:55","date_gmt":"2020-06-06T09:31:55","guid":{"rendered":"http:\/\/localhost\/www21\/?post_type=product&#038;p=969"},"modified":"2021-03-28T14:45:50","modified_gmt":"2021-03-28T11:45:50","slug":"adakaya-panel-yapi-fuari","status":"publish","type":"product","link":"https:\/\/www.indesignmimarlik.com\/en\/urun\/adakaya-panel-yapi-fuari\/","title":{"rendered":"ADAKAYA PANEL YAPI FUARI"},"content":{"rendered":"","protected":false},"excerpt":{"rendered":"<p>Select the sidebar you wish to display. If no value is selected, then the global sidebar will be used. Any other value will overwrite the global option. Use &#8220;None&#8221; to remove the global sidebar for on a specific post\/page.Select the sidebar you wish to display. If no value is selected, then the global sidebar will be used. Any other value will overwrite the global option. Use &#8220;None&#8221; to remove the global sidebar for on a specific post\/page.Select the sidebar you wish to display. If no value is selected, then the global sidebar will be used. Any other value will overwrite the global option. Use &#8220;None&#8221; to remove the global sidebar for on a specific post\/page.Select the sidebar you wish to display. If no value is selected, then the global sidebar will be used. Any other value will overwrite the global option. Use &#8220;None&#8221; to remove the global sidebar for on a specific post\/page.<\/p>\n","protected":false},"featured_media":956,"template":"","meta":[],"product_brand":[],"product_cat":[31,41,55,56,60,58,61,33,32],"product_tag":[50],"class_list":{"0":"post-969","1":"product","2":"type-product","3":"status-publish","4":"has-post-thumbnail","6":"product_cat-genel","7":"product_cat-fair-stand","8":"product_cat-companies-that-make-fair-stands","9":"product_cat-fair-stand-companies","10":"product_cat-fair-stand-rental","11":"product_cat-fair-stand-examples","12":"product_cat-fair-stand-designs","13":"product_cat-fair-stands","14":"product_cat-wooden-fair-stands","15":"product_tag-fuar-standi-yapan-firmalar","17":"first","18":"instock","19":"shipping-taxable","20":"product-type-simple"},"yoast_head":"<!-- This site is optimized with the Yoast SEO plugin v27.3 - https:\/\/yoast.com\/product\/yoast-seo-wordpress\/ -->\n<title>ADAKAYA PANEL YAPI FUARI - InDesign Architecture<\/title>\n<meta name=\"robots\" content=\"index, follow, max-snippet:-1, max-image-preview:large, max-video-preview:-1\" \/>\n<link rel=\"canonical\" href=\"https:\/\/www.indesignmimarlik.com\/urun\/adakaya-panel-yapi-fuari\/\" \/>\n<meta property=\"og:locale\" content=\"en_US\" \/>\n<meta property=\"og:type\" content=\"article\" \/>\n<meta property=\"og:title\" content=\"[:tr]ADAKAYA PANEL FUAR STANDI YAPI FUARI 2019-T\u00dcYAP FUAR STANDLARI[:en]ADAKAYA PANEL YAPI FUARI[:] - [:tr]InDesign Mimarl\u0131k[:en]InDesign Architecture[:]\" \/>\n<meta property=\"og:description\" content=\"[:tr]anadolu panel fuar stand\u0131-t\u00fcyap fuarlar\u0131-fuar takvimi  Ah\u015fap\u00a0suntalam\u00a0sunta boya asma katl\u0131 fuar stand\u0131\u00a0.\u00a0 laminat parke\u00a0zemin\u00a0uygulamas\u0131.\u00a0 \u015f\u0131k ayd\u0131nlatma armat\u00fcrleri.\u00a0dijital bask\u0131 reklam\u00a0uygulamalar\u0131. suntalam\u00a0banko. oturma gruplar\u0131. led dekorasyon,\u00a0truss konstr\u00fcksiyon kiralama.  indesign mimarl\u0131k\u2019\u00a0fuar stand\u0131 yapan firmalar\u00a0aras\u0131nda \u00f6ne \u00e7\u0131kan\u00a0konsept tasar\u0131mlar, kaliteli hizmet, zaman\u0131nda teslim ve\u00a0ekonomik \u00e7\u00f6z\u00fcmler\u00a0sunar.  uluslararas\u0131 fuar stand showroom tasarim\u00a0ve uygulama hizmetleri;\u00a0markan\u0131za de\u011fer katar.  fuar standlar\u0131 kiralama.  ekonomik fuar standlar\u0131.  kiral\u0131k fuar standlar\u0131.  fuar takip  fuar takvimi[:en]Select the sidebar you wish to display. If no value is selected, then the global sidebar will be used. Any other value will overwrite the global option. Use &quot;None&quot; to remove the global sidebar for on a specific post\/page.Select the sidebar you wish to display. If no value is selected, then the global sidebar will be used. Any other value will overwrite the global option. Use &quot;None&quot; to remove the global sidebar for on a specific post\/page.Select the sidebar you wish to display. If no value is selected, then the global sidebar will be used. Any other value will overwrite the global option. Use &quot;None&quot; to remove the global sidebar for on a specific post\/page.Select the sidebar you wish to display. If no value is selected, then the global sidebar will be used. Any other value will overwrite the global option. Use &quot;None&quot; to remove the global sidebar for on a specific post\/page.[:]\" \/>\n<meta property=\"og:url\" content=\"https:\/\/www.indesignmimarlik.com\/urun\/adakaya-panel-yapi-fuari\/\" \/>\n<meta property=\"og:site_name\" content=\"[:tr]InDesign Mimarl\u0131k[:en]InDesign Architecture[:]\" \/>\n<meta property=\"article:publisher\" content=\"https:\/\/www.facebook.com\/INDESIGNMIMARLIK\/\" \/>\n<meta property=\"article:modified_time\" content=\"2021-03-28T11:45:50+00:00\" \/>\n<meta property=\"og:image\" content=\"https:\/\/www.indesignmimarlik.com\/wp-content\/uploads\/2020\/06\/8-1.jpg\" \/>\n\t<meta property=\"og:image:width\" content=\"1000\" \/>\n\t<meta property=\"og:image:height\" content=\"750\" \/>\n\t<meta property=\"og:image:type\" content=\"image\/jpeg\" \/>\n<meta name=\"twitter:card\" content=\"summary_large_image\" \/>\n<script type=\"application\/ld+json\" class=\"yoast-schema-graph\">{\"@context\":\"https:\\\/\\\/schema.org\",\"@graph\":[{\"@type\":\"WebPage\",\"@id\":\"https:\\\/\\\/www.indesignmimarlik.com\\\/urun\\\/adakaya-panel-yapi-fuari\\\/\",\"url\":\"https:\\\/\\\/www.indesignmimarlik.com\\\/urun\\\/adakaya-panel-yapi-fuari\\\/\",\"name\":\"[:tr]ADAKAYA PANEL FUAR STANDI YAPI FUARI 2019-T\u00dcYAP FUAR STANDLARI[:en]ADAKAYA PANEL YAPI FUARI[:] - [:tr]InDesign Mimarl\u0131k[:en]InDesign Architecture[:]\",\"isPartOf\":{\"@id\":\"https:\\\/\\\/www.indesignmimarlik.com\\\/#website\"},\"primaryImageOfPage\":{\"@id\":\"https:\\\/\\\/www.indesignmimarlik.com\\\/urun\\\/adakaya-panel-yapi-fuari\\\/#primaryimage\"},\"image\":{\"@id\":\"https:\\\/\\\/www.indesignmimarlik.com\\\/urun\\\/adakaya-panel-yapi-fuari\\\/#primaryimage\"},\"thumbnailUrl\":\"https:\\\/\\\/www.indesignmimarlik.com\\\/wp-content\\\/uploads\\\/2020\\\/06\\\/8-1.jpg\",\"datePublished\":\"2020-06-06T09:31:55+00:00\",\"dateModified\":\"2021-03-28T11:45:50+00:00\",\"breadcrumb\":{\"@id\":\"https:\\\/\\\/www.indesignmimarlik.com\\\/urun\\\/adakaya-panel-yapi-fuari\\\/#breadcrumb\"},\"inLanguage\":\"en-US\",\"potentialAction\":[{\"@type\":\"ReadAction\",\"target\":[\"https:\\\/\\\/www.indesignmimarlik.com\\\/urun\\\/adakaya-panel-yapi-fuari\\\/\"]}]},{\"@type\":\"ImageObject\",\"inLanguage\":\"en-US\",\"@id\":\"https:\\\/\\\/www.indesignmimarlik.com\\\/urun\\\/adakaya-panel-yapi-fuari\\\/#primaryimage\",\"url\":\"https:\\\/\\\/www.indesignmimarlik.com\\\/wp-content\\\/uploads\\\/2020\\\/06\\\/8-1.jpg\",\"contentUrl\":\"https:\\\/\\\/www.indesignmimarlik.com\\\/wp-content\\\/uploads\\\/2020\\\/06\\\/8-1.jpg\",\"width\":1000,\"height\":750},{\"@type\":\"BreadcrumbList\",\"@id\":\"https:\\\/\\\/www.indesignmimarlik.com\\\/urun\\\/adakaya-panel-yapi-fuari\\\/#breadcrumb\",\"itemListElement\":[{\"@type\":\"ListItem\",\"position\":1,\"name\":\"Anasayfa\",\"item\":\"https:\\\/\\\/www.indesignmimarlik.com\\\/\"},{\"@type\":\"ListItem\",\"position\":2,\"name\":\"\u00dcr\u00fcnler\",\"item\":\"https:\\\/\\\/www.indesignmimarlik.com\\\/shop\\\/\"},{\"@type\":\"ListItem\",\"position\":3,\"name\":\"ADAKAYA PANEL FUAR STANDI YAPI FUARI 2019-T\u00dcYAP FUAR STANDLARI\"}]},{\"@type\":\"WebSite\",\"@id\":\"https:\\\/\\\/www.indesignmimarlik.com\\\/#website\",\"url\":\"https:\\\/\\\/www.indesignmimarlik.com\\\/\",\"name\":\"InDesign Mimarl\u0131k\",\"description\":\"Fuar Stand firmalar\u0131 | Fuar Stand fiyatlar\u0131 |  Fuar Stand\u0131 Yapan firmalar istanbul | Fuar Stand Tasar\u0131mlar\u0131 | Fuar Stand\u0131 kiralama | Mod\u00fcler Fuar stand\u0131 | Stand \u00fcretimi yapan firmalar\",\"publisher\":{\"@id\":\"https:\\\/\\\/www.indesignmimarlik.com\\\/#organization\"},\"potentialAction\":[{\"@type\":\"SearchAction\",\"target\":{\"@type\":\"EntryPoint\",\"urlTemplate\":\"https:\\\/\\\/www.indesignmimarlik.com\\\/?s={search_term_string}\"},\"query-input\":{\"@type\":\"PropertyValueSpecification\",\"valueRequired\":true,\"valueName\":\"search_term_string\"}}],\"inLanguage\":\"en-US\"},{\"@type\":\"Organization\",\"@id\":\"https:\\\/\\\/www.indesignmimarlik.com\\\/#organization\",\"name\":\"InDesign Mimarl\u0131k\",\"url\":\"https:\\\/\\\/www.indesignmimarlik.com\\\/\",\"logo\":{\"@type\":\"ImageObject\",\"inLanguage\":\"en-US\",\"@id\":\"https:\\\/\\\/www.indesignmimarlik.com\\\/#\\\/schema\\\/logo\\\/image\\\/\",\"url\":\"https:\\\/\\\/www.indesignmimarlik.com\\\/wp-content\\\/uploads\\\/2020\\\/06\\\/indesign-mimarlik-logo221120112-SON.png\",\"contentUrl\":\"https:\\\/\\\/www.indesignmimarlik.com\\\/wp-content\\\/uploads\\\/2020\\\/06\\\/indesign-mimarlik-logo221120112-SON.png\",\"width\":300,\"height\":91,\"caption\":\"InDesign Mimarl\u0131k\"},\"image\":{\"@id\":\"https:\\\/\\\/www.indesignmimarlik.com\\\/#\\\/schema\\\/logo\\\/image\\\/\"},\"sameAs\":[\"https:\\\/\\\/www.facebook.com\\\/INDESIGNMIMARLIK\\\/\"]}]}<\/script>\n<!-- \/ Yoast SEO plugin. -->","yoast_head_json":{"title":"[:tr]ADAKAYA PANEL FUAR STANDI YAPI FUARI 2019-T\u00dcYAP FUAR STANDLARI[:en]ADAKAYA PANEL YAPI FUARI[:] - [:tr]InDesign Mimarl\u0131k[:en]InDesign Architecture[:]","robots":{"index":"index","follow":"follow","max-snippet":"max-snippet:-1","max-image-preview":"max-image-preview:large","max-video-preview":"max-video-preview:-1"},"canonical":"https:\/\/www.indesignmimarlik.com\/urun\/adakaya-panel-yapi-fuari\/","og_locale":"en_US","og_type":"article","og_title":"[:tr]ADAKAYA PANEL FUAR STANDI YAPI FUARI 2019-T\u00dcYAP FUAR STANDLARI[:en]ADAKAYA PANEL YAPI FUARI[:] - [:tr]InDesign Mimarl\u0131k[:en]InDesign Architecture[:]","og_description":"[:tr]anadolu panel fuar stand\u0131-t\u00fcyap fuarlar\u0131-fuar takvimi  Ah\u015fap\u00a0suntalam\u00a0sunta boya asma katl\u0131 fuar stand\u0131\u00a0.\u00a0 laminat parke\u00a0zemin\u00a0uygulamas\u0131.\u00a0 \u015f\u0131k ayd\u0131nlatma armat\u00fcrleri.\u00a0dijital bask\u0131 reklam\u00a0uygulamalar\u0131. suntalam\u00a0banko. oturma gruplar\u0131. led dekorasyon,\u00a0truss konstr\u00fcksiyon kiralama.  indesign mimarl\u0131k\u2019\u00a0fuar stand\u0131 yapan firmalar\u00a0aras\u0131nda \u00f6ne \u00e7\u0131kan\u00a0konsept tasar\u0131mlar, kaliteli hizmet, zaman\u0131nda teslim ve\u00a0ekonomik \u00e7\u00f6z\u00fcmler\u00a0sunar.  uluslararas\u0131 fuar stand showroom tasarim\u00a0ve uygulama hizmetleri;\u00a0markan\u0131za de\u011fer katar.  fuar standlar\u0131 kiralama.  ekonomik fuar standlar\u0131.  kiral\u0131k fuar standlar\u0131.  fuar takip  fuar takvimi[:en]Select the sidebar you wish to display. If no value is selected, then the global sidebar will be used. Any other value will overwrite the global option. Use \"None\" to remove the global sidebar for on a specific post\/page.Select the sidebar you wish to display. If no value is selected, then the global sidebar will be used. Any other value will overwrite the global option. Use \"None\" to remove the global sidebar for on a specific post\/page.Select the sidebar you wish to display. If no value is selected, then the global sidebar will be used. Any other value will overwrite the global option. Use \"None\" to remove the global sidebar for on a specific post\/page.Select the sidebar you wish to display. If no value is selected, then the global sidebar will be used. Any other value will overwrite the global option. Use \"None\" to remove the global sidebar for on a specific post\/page.[:]","og_url":"https:\/\/www.indesignmimarlik.com\/urun\/adakaya-panel-yapi-fuari\/","og_site_name":"[:tr]InDesign Mimarl\u0131k[:en]InDesign Architecture[:]","article_publisher":"https:\/\/www.facebook.com\/INDESIGNMIMARLIK\/","article_modified_time":"2021-03-28T11:45:50+00:00","og_image":[{"width":1000,"height":750,"url":"https:\/\/www.indesignmimarlik.com\/wp-content\/uploads\/2020\/06\/8-1.jpg","type":"image\/jpeg"}],"twitter_card":"summary_large_image","schema":{"@context":"https:\/\/schema.org","@graph":[{"@type":"WebPage","@id":"https:\/\/www.indesignmimarlik.com\/urun\/adakaya-panel-yapi-fuari\/","url":"https:\/\/www.indesignmimarlik.com\/urun\/adakaya-panel-yapi-fuari\/","name":"[:tr]ADAKAYA PANEL FUAR STANDI YAPI FUARI 2019-T\u00dcYAP FUAR STANDLARI[:en]ADAKAYA PANEL YAPI FUARI[:] - [:tr]InDesign Mimarl\u0131k[:en]InDesign Architecture[:]","isPartOf":{"@id":"https:\/\/www.indesignmimarlik.com\/#website"},"primaryImageOfPage":{"@id":"https:\/\/www.indesignmimarlik.com\/urun\/adakaya-panel-yapi-fuari\/#primaryimage"},"image":{"@id":"https:\/\/www.indesignmimarlik.com\/urun\/adakaya-panel-yapi-fuari\/#primaryimage"},"thumbnailUrl":"https:\/\/www.indesignmimarlik.com\/wp-content\/uploads\/2020\/06\/8-1.jpg","datePublished":"2020-06-06T09:31:55+00:00","dateModified":"2021-03-28T11:45:50+00:00","breadcrumb":{"@id":"https:\/\/www.indesignmimarlik.com\/urun\/adakaya-panel-yapi-fuari\/#breadcrumb"},"inLanguage":"en-US","potentialAction":[{"@type":"ReadAction","target":["https:\/\/www.indesignmimarlik.com\/urun\/adakaya-panel-yapi-fuari\/"]}]},{"@type":"ImageObject","inLanguage":"en-US","@id":"https:\/\/www.indesignmimarlik.com\/urun\/adakaya-panel-yapi-fuari\/#primaryimage","url":"https:\/\/www.indesignmimarlik.com\/wp-content\/uploads\/2020\/06\/8-1.jpg","contentUrl":"https:\/\/www.indesignmimarlik.com\/wp-content\/uploads\/2020\/06\/8-1.jpg","width":1000,"height":750},{"@type":"BreadcrumbList","@id":"https:\/\/www.indesignmimarlik.com\/urun\/adakaya-panel-yapi-fuari\/#breadcrumb","itemListElement":[{"@type":"ListItem","position":1,"name":"Anasayfa","item":"https:\/\/www.indesignmimarlik.com\/"},{"@type":"ListItem","position":2,"name":"\u00dcr\u00fcnler","item":"https:\/\/www.indesignmimarlik.com\/shop\/"},{"@type":"ListItem","position":3,"name":"ADAKAYA PANEL FUAR STANDI YAPI FUARI 2019-T\u00dcYAP FUAR STANDLARI"}]},{"@type":"WebSite","@id":"https:\/\/www.indesignmimarlik.com\/#website","url":"https:\/\/www.indesignmimarlik.com\/","name":"InDesign Mimarl\u0131k","description":"Fuar Stand firmalar\u0131 | Fuar Stand fiyatlar\u0131 |  Fuar Stand\u0131 Yapan firmalar istanbul | Fuar Stand Tasar\u0131mlar\u0131 | Fuar Stand\u0131 kiralama | Mod\u00fcler Fuar stand\u0131 | Stand \u00fcretimi yapan firmalar","publisher":{"@id":"https:\/\/www.indesignmimarlik.com\/#organization"},"potentialAction":[{"@type":"SearchAction","target":{"@type":"EntryPoint","urlTemplate":"https:\/\/www.indesignmimarlik.com\/?s={search_term_string}"},"query-input":{"@type":"PropertyValueSpecification","valueRequired":true,"valueName":"search_term_string"}}],"inLanguage":"en-US"},{"@type":"Organization","@id":"https:\/\/www.indesignmimarlik.com\/#organization","name":"InDesign Mimarl\u0131k","url":"https:\/\/www.indesignmimarlik.com\/","logo":{"@type":"ImageObject","inLanguage":"en-US","@id":"https:\/\/www.indesignmimarlik.com\/#\/schema\/logo\/image\/","url":"https:\/\/www.indesignmimarlik.com\/wp-content\/uploads\/2020\/06\/indesign-mimarlik-logo221120112-SON.png","contentUrl":"https:\/\/www.indesignmimarlik.com\/wp-content\/uploads\/2020\/06\/indesign-mimarlik-logo221120112-SON.png","width":300,"height":91,"caption":"InDesign Mimarl\u0131k"},"image":{"@id":"https:\/\/www.indesignmimarlik.com\/#\/schema\/logo\/image\/"},"sameAs":["https:\/\/www.facebook.com\/INDESIGNMIMARLIK\/"]}]}},"_links":{"self":[{"href":"https:\/\/www.indesignmimarlik.com\/en\/wp-json\/wp\/v2\/product\/969","targetHints":{"allow":["GET"]}}],"collection":[{"href":"https:\/\/www.indesignmimarlik.com\/en\/wp-json\/wp\/v2\/product"}],"about":[{"href":"https:\/\/www.indesignmimarlik.com\/en\/wp-json\/wp\/v2\/types\/product"}],"wp:featuredmedia":[{"embeddable":true,"href":"https:\/\/www.indesignmimarlik.com\/en\/wp-json\/wp\/v2\/media\/956"}],"wp:attachment":[{"href":"https:\/\/www.indesignmimarlik.com\/en\/wp-json\/wp\/v2\/media?parent=969"}],"wp:term":[{"taxonomy":"product_brand","embeddable":true,"href":"https:\/\/www.indesignmimarlik.com\/en\/wp-json\/wp\/v2\/product_brand?post=969"},{"taxonomy":"product_cat","embeddable":true,"href":"https:\/\/www.indesignmimarlik.com\/en\/wp-json\/wp\/v2\/product_cat?post=969"},{"taxonomy":"product_tag","embeddable":true,"href":"https:\/\/www.indesignmimarlik.com\/en\/wp-json\/wp\/v2\/product_tag?post=969"}],"curies":[{"name":"wp","href":"https:\/\/api.w.org\/{rel}","templated":true}]}}