{"id":982,"date":"2020-06-07T11:45:18","date_gmt":"2020-06-07T08:45:18","guid":{"rendered":"http:\/\/localhost\/www21\/?post_type=product&#038;p=982"},"modified":"2021-05-23T20:14:39","modified_gmt":"2021-05-23T17:14:39","slug":"iko-jewellery-2019","status":"publish","type":"product","link":"https:\/\/www.indesignmimarlik.com\/en\/urun\/iko-jewellery-2019\/","title":{"rendered":"\u0130KO JEWELLERY 2019"},"content":{"rendered":"","protected":false},"excerpt":{"rendered":"<p class=\"qtranxs-available-languages-message qtranxs-available-languages-message-en\">Sorry, this entry is only available in <a href=\"https:\/\/www.indesignmimarlik.com\/tr\/wp-json\/wp\/v2\/product\/982\" class=\"qtranxs-available-language-link qtranxs-available-language-link-tr\" title=\"Turkish\">Turkish<\/a>.<\/p>\n","protected":false},"featured_media":2836,"template":"","meta":[],"product_brand":[],"product_cat":[31,41,55,56,60,62,58,61,33,32],"product_tag":[49],"class_list":{"0":"post-982","1":"product","2":"type-product","3":"status-publish","4":"has-post-thumbnail","6":"product_cat-genel","7":"product_cat-fair-stand","8":"product_cat-companies-that-make-fair-stands","9":"product_cat-fair-stand-companies","10":"product_cat-fair-stand-rental","11":"product_cat-fair-stand-prices","12":"product_cat-fair-stand-examples","13":"product_cat-fair-stand-designs","14":"product_cat-fair-stands","15":"product_cat-wooden-fair-stands","16":"product_tag-fuar-standi-kiralama-firmalari","18":"first","19":"instock","20":"shipping-taxable","21":"product-type-simple"},"yoast_head":"<!-- This site is optimized with the Yoast SEO plugin v27.3 - https:\/\/yoast.com\/product\/yoast-seo-wordpress\/ -->\n<title>\u0130KO JEWELLERY 2019 - InDesign Architecture<\/title>\n<meta name=\"robots\" content=\"index, follow, max-snippet:-1, max-image-preview:large, max-video-preview:-1\" \/>\n<link rel=\"canonical\" href=\"https:\/\/www.indesignmimarlik.com\/urun\/iko-jewellery-2019\/\" \/>\n<meta property=\"og:locale\" content=\"en_US\" \/>\n<meta property=\"og:type\" content=\"article\" \/>\n<meta property=\"og:title\" content=\"[:tr]FUAR STANDI \u0130KO JEWELLERY&#039;19-CNR EXPO FUAR STANDLARI[:en]\u0130KO JEWELLERY 2019[:] - [:tr]InDesign Mimarl\u0131k[:en]InDesign Architecture[:]\" \/>\n<meta property=\"og:description\" content=\"[:tr]iko fuar stand\u0131-fuar-stand\u0131 kiralama tasar\u0131m firmalar\u0131-fuar standlar\u0131 tasar\u0131mlar\u0131  Ah\u015fap\u00a0suntalam\u00a0sunta boya fuar stand\u0131\u00a0.\u00a0 laminat parke\u00a0zemin\u00a0uygulamas\u0131.\u00a0 \u015f\u0131k ayd\u0131nlatma armat\u00fcrleri.\u00a0dijital bask\u0131 reklam\u00a0uygulamalar\u0131. suntalam\u00a0banko. oturma gruplar\u0131. led dekorasyon,\u00a0truss konstr\u00fcksiyon kiralama.  indesign mimarl\u0131k\u2019\u00a0fuar stand\u0131 yapan firmalar\u00a0aras\u0131nda \u00f6ne \u00e7\u0131kan\u00a0konsept tasar\u0131mlar, kaliteli hizmet, zaman\u0131nda teslim ve\u00a0ekonomik \u00e7\u00f6z\u00fcmler\u00a0sunar.  uluslararas\u0131 fuar stand showroom tasarim\u00a0ve uygulama hizmetleri;\u00a0markan\u0131za de\u011fer katar.  fuar standlar\u0131 kiralama.  ekonomik fuar standlar\u0131.  kiral\u0131k fuar standlar\u0131.[:]\" \/>\n<meta property=\"og:url\" content=\"https:\/\/www.indesignmimarlik.com\/urun\/iko-jewellery-2019\/\" \/>\n<meta property=\"og:site_name\" content=\"[:tr]InDesign Mimarl\u0131k[:en]InDesign Architecture[:]\" \/>\n<meta property=\"article:publisher\" content=\"https:\/\/www.facebook.com\/INDESIGNMIMARLIK\/\" \/>\n<meta property=\"article:modified_time\" content=\"2021-05-23T17:14:39+00:00\" \/>\n<meta property=\"og:image\" content=\"https:\/\/www.indesignmimarlik.com\/wp-content\/uploads\/2020\/06\/iko-fuar-standi-indizayn.jpg\" \/>\n\t<meta property=\"og:image:width\" content=\"1000\" \/>\n\t<meta property=\"og:image:height\" content=\"750\" \/>\n\t<meta property=\"og:image:type\" content=\"image\/jpeg\" \/>\n<meta name=\"twitter:card\" content=\"summary_large_image\" \/>\n<script type=\"application\/ld+json\" class=\"yoast-schema-graph\">{\"@context\":\"https:\\\/\\\/schema.org\",\"@graph\":[{\"@type\":\"WebPage\",\"@id\":\"https:\\\/\\\/www.indesignmimarlik.com\\\/urun\\\/iko-jewellery-2019\\\/\",\"url\":\"https:\\\/\\\/www.indesignmimarlik.com\\\/urun\\\/iko-jewellery-2019\\\/\",\"name\":\"[:tr]FUAR STANDI \u0130KO JEWELLERY'19-CNR EXPO FUAR STANDLARI[:en]\u0130KO JEWELLERY 2019[:] - [:tr]InDesign Mimarl\u0131k[:en]InDesign Architecture[:]\",\"isPartOf\":{\"@id\":\"https:\\\/\\\/www.indesignmimarlik.com\\\/#website\"},\"primaryImageOfPage\":{\"@id\":\"https:\\\/\\\/www.indesignmimarlik.com\\\/urun\\\/iko-jewellery-2019\\\/#primaryimage\"},\"image\":{\"@id\":\"https:\\\/\\\/www.indesignmimarlik.com\\\/urun\\\/iko-jewellery-2019\\\/#primaryimage\"},\"thumbnailUrl\":\"https:\\\/\\\/www.indesignmimarlik.com\\\/wp-content\\\/uploads\\\/2020\\\/06\\\/iko-fuar-standi-indizayn.jpg\",\"datePublished\":\"2020-06-07T08:45:18+00:00\",\"dateModified\":\"2021-05-23T17:14:39+00:00\",\"breadcrumb\":{\"@id\":\"https:\\\/\\\/www.indesignmimarlik.com\\\/urun\\\/iko-jewellery-2019\\\/#breadcrumb\"},\"inLanguage\":\"en-US\",\"potentialAction\":[{\"@type\":\"ReadAction\",\"target\":[\"https:\\\/\\\/www.indesignmimarlik.com\\\/urun\\\/iko-jewellery-2019\\\/\"]}]},{\"@type\":\"ImageObject\",\"inLanguage\":\"en-US\",\"@id\":\"https:\\\/\\\/www.indesignmimarlik.com\\\/urun\\\/iko-jewellery-2019\\\/#primaryimage\",\"url\":\"https:\\\/\\\/www.indesignmimarlik.com\\\/wp-content\\\/uploads\\\/2020\\\/06\\\/iko-fuar-standi-indizayn.jpg\",\"contentUrl\":\"https:\\\/\\\/www.indesignmimarlik.com\\\/wp-content\\\/uploads\\\/2020\\\/06\\\/iko-fuar-standi-indizayn.jpg\",\"width\":1000,\"height\":750},{\"@type\":\"BreadcrumbList\",\"@id\":\"https:\\\/\\\/www.indesignmimarlik.com\\\/urun\\\/iko-jewellery-2019\\\/#breadcrumb\",\"itemListElement\":[{\"@type\":\"ListItem\",\"position\":1,\"name\":\"Anasayfa\",\"item\":\"https:\\\/\\\/www.indesignmimarlik.com\\\/\"},{\"@type\":\"ListItem\",\"position\":2,\"name\":\"\u00dcr\u00fcnler\",\"item\":\"https:\\\/\\\/www.indesignmimarlik.com\\\/shop\\\/\"},{\"@type\":\"ListItem\",\"position\":3,\"name\":\"FUAR STANDI \u0130KO JEWELLERY&#8217;19-CNR EXPO FUAR STANDLARI\"}]},{\"@type\":\"WebSite\",\"@id\":\"https:\\\/\\\/www.indesignmimarlik.com\\\/#website\",\"url\":\"https:\\\/\\\/www.indesignmimarlik.com\\\/\",\"name\":\"InDesign Mimarl\u0131k\",\"description\":\"Fuar Stand firmalar\u0131 | Fuar Stand fiyatlar\u0131 |  Fuar Stand\u0131 Yapan firmalar istanbul | Fuar Stand Tasar\u0131mlar\u0131 | Fuar Stand\u0131 kiralama | Mod\u00fcler Fuar stand\u0131 | Stand \u00fcretimi yapan firmalar\",\"publisher\":{\"@id\":\"https:\\\/\\\/www.indesignmimarlik.com\\\/#organization\"},\"potentialAction\":[{\"@type\":\"SearchAction\",\"target\":{\"@type\":\"EntryPoint\",\"urlTemplate\":\"https:\\\/\\\/www.indesignmimarlik.com\\\/?s={search_term_string}\"},\"query-input\":{\"@type\":\"PropertyValueSpecification\",\"valueRequired\":true,\"valueName\":\"search_term_string\"}}],\"inLanguage\":\"en-US\"},{\"@type\":\"Organization\",\"@id\":\"https:\\\/\\\/www.indesignmimarlik.com\\\/#organization\",\"name\":\"InDesign Mimarl\u0131k\",\"url\":\"https:\\\/\\\/www.indesignmimarlik.com\\\/\",\"logo\":{\"@type\":\"ImageObject\",\"inLanguage\":\"en-US\",\"@id\":\"https:\\\/\\\/www.indesignmimarlik.com\\\/#\\\/schema\\\/logo\\\/image\\\/\",\"url\":\"https:\\\/\\\/www.indesignmimarlik.com\\\/wp-content\\\/uploads\\\/2020\\\/06\\\/indesign-mimarlik-logo221120112-SON.png\",\"contentUrl\":\"https:\\\/\\\/www.indesignmimarlik.com\\\/wp-content\\\/uploads\\\/2020\\\/06\\\/indesign-mimarlik-logo221120112-SON.png\",\"width\":300,\"height\":91,\"caption\":\"InDesign Mimarl\u0131k\"},\"image\":{\"@id\":\"https:\\\/\\\/www.indesignmimarlik.com\\\/#\\\/schema\\\/logo\\\/image\\\/\"},\"sameAs\":[\"https:\\\/\\\/www.facebook.com\\\/INDESIGNMIMARLIK\\\/\"]}]}<\/script>\n<!-- \/ Yoast SEO plugin. -->","yoast_head_json":{"title":"[:tr]FUAR STANDI \u0130KO JEWELLERY'19-CNR EXPO FUAR STANDLARI[:en]\u0130KO JEWELLERY 2019[:] - [:tr]InDesign Mimarl\u0131k[:en]InDesign Architecture[:]","robots":{"index":"index","follow":"follow","max-snippet":"max-snippet:-1","max-image-preview":"max-image-preview:large","max-video-preview":"max-video-preview:-1"},"canonical":"https:\/\/www.indesignmimarlik.com\/urun\/iko-jewellery-2019\/","og_locale":"en_US","og_type":"article","og_title":"[:tr]FUAR STANDI \u0130KO JEWELLERY'19-CNR EXPO FUAR STANDLARI[:en]\u0130KO JEWELLERY 2019[:] - [:tr]InDesign Mimarl\u0131k[:en]InDesign Architecture[:]","og_description":"[:tr]iko fuar stand\u0131-fuar-stand\u0131 kiralama tasar\u0131m firmalar\u0131-fuar standlar\u0131 tasar\u0131mlar\u0131  Ah\u015fap\u00a0suntalam\u00a0sunta boya fuar stand\u0131\u00a0.\u00a0 laminat parke\u00a0zemin\u00a0uygulamas\u0131.\u00a0 \u015f\u0131k ayd\u0131nlatma armat\u00fcrleri.\u00a0dijital bask\u0131 reklam\u00a0uygulamalar\u0131. suntalam\u00a0banko. oturma gruplar\u0131. led dekorasyon,\u00a0truss konstr\u00fcksiyon kiralama.  indesign mimarl\u0131k\u2019\u00a0fuar stand\u0131 yapan firmalar\u00a0aras\u0131nda \u00f6ne \u00e7\u0131kan\u00a0konsept tasar\u0131mlar, kaliteli hizmet, zaman\u0131nda teslim ve\u00a0ekonomik \u00e7\u00f6z\u00fcmler\u00a0sunar.  uluslararas\u0131 fuar stand showroom tasarim\u00a0ve uygulama hizmetleri;\u00a0markan\u0131za de\u011fer katar.  fuar standlar\u0131 kiralama.  ekonomik fuar standlar\u0131.  kiral\u0131k fuar standlar\u0131.[:]","og_url":"https:\/\/www.indesignmimarlik.com\/urun\/iko-jewellery-2019\/","og_site_name":"[:tr]InDesign Mimarl\u0131k[:en]InDesign Architecture[:]","article_publisher":"https:\/\/www.facebook.com\/INDESIGNMIMARLIK\/","article_modified_time":"2021-05-23T17:14:39+00:00","og_image":[{"width":1000,"height":750,"url":"https:\/\/www.indesignmimarlik.com\/wp-content\/uploads\/2020\/06\/iko-fuar-standi-indizayn.jpg","type":"image\/jpeg"}],"twitter_card":"summary_large_image","schema":{"@context":"https:\/\/schema.org","@graph":[{"@type":"WebPage","@id":"https:\/\/www.indesignmimarlik.com\/urun\/iko-jewellery-2019\/","url":"https:\/\/www.indesignmimarlik.com\/urun\/iko-jewellery-2019\/","name":"[:tr]FUAR STANDI \u0130KO JEWELLERY'19-CNR EXPO FUAR STANDLARI[:en]\u0130KO JEWELLERY 2019[:] - [:tr]InDesign Mimarl\u0131k[:en]InDesign Architecture[:]","isPartOf":{"@id":"https:\/\/www.indesignmimarlik.com\/#website"},"primaryImageOfPage":{"@id":"https:\/\/www.indesignmimarlik.com\/urun\/iko-jewellery-2019\/#primaryimage"},"image":{"@id":"https:\/\/www.indesignmimarlik.com\/urun\/iko-jewellery-2019\/#primaryimage"},"thumbnailUrl":"https:\/\/www.indesignmimarlik.com\/wp-content\/uploads\/2020\/06\/iko-fuar-standi-indizayn.jpg","datePublished":"2020-06-07T08:45:18+00:00","dateModified":"2021-05-23T17:14:39+00:00","breadcrumb":{"@id":"https:\/\/www.indesignmimarlik.com\/urun\/iko-jewellery-2019\/#breadcrumb"},"inLanguage":"en-US","potentialAction":[{"@type":"ReadAction","target":["https:\/\/www.indesignmimarlik.com\/urun\/iko-jewellery-2019\/"]}]},{"@type":"ImageObject","inLanguage":"en-US","@id":"https:\/\/www.indesignmimarlik.com\/urun\/iko-jewellery-2019\/#primaryimage","url":"https:\/\/www.indesignmimarlik.com\/wp-content\/uploads\/2020\/06\/iko-fuar-standi-indizayn.jpg","contentUrl":"https:\/\/www.indesignmimarlik.com\/wp-content\/uploads\/2020\/06\/iko-fuar-standi-indizayn.jpg","width":1000,"height":750},{"@type":"BreadcrumbList","@id":"https:\/\/www.indesignmimarlik.com\/urun\/iko-jewellery-2019\/#breadcrumb","itemListElement":[{"@type":"ListItem","position":1,"name":"Anasayfa","item":"https:\/\/www.indesignmimarlik.com\/"},{"@type":"ListItem","position":2,"name":"\u00dcr\u00fcnler","item":"https:\/\/www.indesignmimarlik.com\/shop\/"},{"@type":"ListItem","position":3,"name":"FUAR STANDI \u0130KO JEWELLERY&#8217;19-CNR EXPO FUAR STANDLARI"}]},{"@type":"WebSite","@id":"https:\/\/www.indesignmimarlik.com\/#website","url":"https:\/\/www.indesignmimarlik.com\/","name":"InDesign Mimarl\u0131k","description":"Fuar Stand firmalar\u0131 | Fuar Stand fiyatlar\u0131 |  Fuar Stand\u0131 Yapan firmalar istanbul | Fuar Stand Tasar\u0131mlar\u0131 | Fuar Stand\u0131 kiralama | Mod\u00fcler Fuar stand\u0131 | Stand \u00fcretimi yapan firmalar","publisher":{"@id":"https:\/\/www.indesignmimarlik.com\/#organization"},"potentialAction":[{"@type":"SearchAction","target":{"@type":"EntryPoint","urlTemplate":"https:\/\/www.indesignmimarlik.com\/?s={search_term_string}"},"query-input":{"@type":"PropertyValueSpecification","valueRequired":true,"valueName":"search_term_string"}}],"inLanguage":"en-US"},{"@type":"Organization","@id":"https:\/\/www.indesignmimarlik.com\/#organization","name":"InDesign Mimarl\u0131k","url":"https:\/\/www.indesignmimarlik.com\/","logo":{"@type":"ImageObject","inLanguage":"en-US","@id":"https:\/\/www.indesignmimarlik.com\/#\/schema\/logo\/image\/","url":"https:\/\/www.indesignmimarlik.com\/wp-content\/uploads\/2020\/06\/indesign-mimarlik-logo221120112-SON.png","contentUrl":"https:\/\/www.indesignmimarlik.com\/wp-content\/uploads\/2020\/06\/indesign-mimarlik-logo221120112-SON.png","width":300,"height":91,"caption":"InDesign Mimarl\u0131k"},"image":{"@id":"https:\/\/www.indesignmimarlik.com\/#\/schema\/logo\/image\/"},"sameAs":["https:\/\/www.facebook.com\/INDESIGNMIMARLIK\/"]}]}},"_links":{"self":[{"href":"https:\/\/www.indesignmimarlik.com\/en\/wp-json\/wp\/v2\/product\/982","targetHints":{"allow":["GET"]}}],"collection":[{"href":"https:\/\/www.indesignmimarlik.com\/en\/wp-json\/wp\/v2\/product"}],"about":[{"href":"https:\/\/www.indesignmimarlik.com\/en\/wp-json\/wp\/v2\/types\/product"}],"wp:featuredmedia":[{"embeddable":true,"href":"https:\/\/www.indesignmimarlik.com\/en\/wp-json\/wp\/v2\/media\/2836"}],"wp:attachment":[{"href":"https:\/\/www.indesignmimarlik.com\/en\/wp-json\/wp\/v2\/media?parent=982"}],"wp:term":[{"taxonomy":"product_brand","embeddable":true,"href":"https:\/\/www.indesignmimarlik.com\/en\/wp-json\/wp\/v2\/product_brand?post=982"},{"taxonomy":"product_cat","embeddable":true,"href":"https:\/\/www.indesignmimarlik.com\/en\/wp-json\/wp\/v2\/product_cat?post=982"},{"taxonomy":"product_tag","embeddable":true,"href":"https:\/\/www.indesignmimarlik.com\/en\/wp-json\/wp\/v2\/product_tag?post=982"}],"curies":[{"name":"wp","href":"https:\/\/api.w.org\/{rel}","templated":true}]}}